{"id":299,"date":"2024-01-26T09:06:22","date_gmt":"2024-01-26T09:06:22","guid":{"rendered":"https:\/\/barnalabor.nbgroup.es\/avis-legal\/"},"modified":"2024-01-26T12:01:58","modified_gmt":"2024-01-26T12:01:58","slug":"avis-legal","status":"publish","type":"page","link":"https:\/\/barnalabor.es\/ca\/avis-legal\/","title":{"rendered":"Av\u00eds legal"},"content":{"rendered":"<div class=\"fusion-fullwidth fullwidth-box fusion-builder-row-1 fusion-flex-container has-pattern-background has-mask-background nonhundred-percent-fullwidth non-hundred-percent-height-scrolling fusion-custom-z-index\" style=\"--awb-border-radius-top-left:0px;--awb-border-radius-top-right:0px;--awb-border-radius-bottom-right:0px;--awb-border-radius-bottom-left:0px;--awb-z-index:1;--awb-flex-wrap:wrap;\" ><div class=\"fusion-builder-row fusion-row fusion-flex-align-items-flex-start fusion-flex-content-wrap\" style=\"max-width:1248px;margin-left: calc(-4% \/ 2 );margin-right: calc(-4% \/ 2 );\"><div class=\"fusion-layout-column fusion_builder_column fusion-builder-column-0 fusion_builder_column_1_1 1_1 fusion-flex-column\" style=\"--awb-padding-top:10px;--awb-padding-right:10px;--awb-padding-bottom:10px;--awb-padding-left:10px;--awb-overflow:hidden;--awb-bg-color:#f9f9fb;--awb-bg-color-hover:#f9f9fb;--awb-bg-size:cover;--awb-border-radius:5px 5px 5px 5px;--awb-width-large:100%;--awb-margin-top-large:0px;--awb-spacing-right-large:1.92%;--awb-margin-bottom-large:20px;--awb-spacing-left-large:1.92%;--awb-width-medium:100%;--awb-order-medium:0;--awb-spacing-right-medium:1.92%;--awb-spacing-left-medium:1.92%;--awb-width-small:100%;--awb-order-small:0;--awb-spacing-right-small:1.92%;--awb-spacing-left-small:1.92%;\" data-motion-effects=\"[{&quot;type&quot;:&quot;&quot;,&quot;scroll_type&quot;:&quot;transition&quot;,&quot;scroll_direction&quot;:&quot;up&quot;,&quot;transition_speed&quot;:&quot;1&quot;,&quot;fade_type&quot;:&quot;in&quot;,&quot;scale_type&quot;:&quot;up&quot;,&quot;initial_scale&quot;:&quot;1&quot;,&quot;max_scale&quot;:&quot;1.5&quot;,&quot;min_scale&quot;:&quot;0.5&quot;,&quot;initial_rotate&quot;:&quot;0&quot;,&quot;end_rotate&quot;:&quot;30&quot;,&quot;initial_blur&quot;:&quot;0&quot;,&quot;end_blur&quot;:&quot;3&quot;,&quot;start_element&quot;:&quot;top&quot;,&quot;start_viewport&quot;:&quot;bottom&quot;,&quot;end_element&quot;:&quot;bottom&quot;,&quot;end_viewport&quot;:&quot;top&quot;,&quot;mouse_effect&quot;:&quot;track&quot;,&quot;mouse_effect_direction&quot;:&quot;opposite&quot;,&quot;mouse_effect_speed&quot;:&quot;2&quot;,&quot;infinite_animation&quot;:&quot;float&quot;,&quot;infinite_animation_speed&quot;:&quot;2&quot;}]\" data-scroll-devices=\"small-visibility,medium-visibility,large-visibility\"><div class=\"fusion-column-wrapper fusion-column-has-shadow fusion-flex-justify-content-flex-start fusion-content-layout-column\"><nav class=\"fusion-breadcrumbs awb-yoast-breadcrumbs fusion-breadcrumbs-1\" style=\"--awb-breadcrumb-sep:&#039;\/&#039;;\" aria-label=\"Breadcrumb\"><span><span><a href=\"https:\/\/barnalabor.es\/ca\/\">Portada<\/a><\/span><\/span><\/nav><\/div><\/div><div class=\"fusion-layout-column fusion_builder_column fusion-builder-column-1 fusion_builder_column_1_1 1_1 fusion-flex-column\" style=\"--awb-bg-size:cover;--awb-width-large:100%;--awb-margin-top-large:20px;--awb-spacing-right-large:1.92%;--awb-margin-bottom-large:20px;--awb-spacing-left-large:1.92%;--awb-width-medium:100%;--awb-order-medium:0;--awb-spacing-right-medium:1.92%;--awb-spacing-left-medium:1.92%;--awb-width-small:100%;--awb-order-small:0;--awb-spacing-right-small:1.92%;--awb-spacing-left-small:1.92%;\" data-motion-effects=\"[{&quot;type&quot;:&quot;&quot;,&quot;scroll_type&quot;:&quot;transition&quot;,&quot;scroll_direction&quot;:&quot;up&quot;,&quot;transition_speed&quot;:&quot;1&quot;,&quot;fade_type&quot;:&quot;in&quot;,&quot;scale_type&quot;:&quot;up&quot;,&quot;initial_scale&quot;:&quot;1&quot;,&quot;max_scale&quot;:&quot;1.5&quot;,&quot;min_scale&quot;:&quot;0.5&quot;,&quot;initial_rotate&quot;:&quot;0&quot;,&quot;end_rotate&quot;:&quot;30&quot;,&quot;initial_blur&quot;:&quot;0&quot;,&quot;end_blur&quot;:&quot;3&quot;,&quot;start_element&quot;:&quot;top&quot;,&quot;start_viewport&quot;:&quot;bottom&quot;,&quot;end_element&quot;:&quot;bottom&quot;,&quot;end_viewport&quot;:&quot;top&quot;,&quot;mouse_effect&quot;:&quot;track&quot;,&quot;mouse_effect_direction&quot;:&quot;opposite&quot;,&quot;mouse_effect_speed&quot;:&quot;2&quot;,&quot;infinite_animation&quot;:&quot;float&quot;,&quot;infinite_animation_speed&quot;:&quot;2&quot;}]\" data-scroll-devices=\"small-visibility,medium-visibility,large-visibility\"><div class=\"fusion-column-wrapper fusion-column-has-shadow fusion-flex-justify-content-flex-start fusion-content-layout-column\"><div class=\"fusion-title title fusion-title-1 fusion-sep-none fusion-title-text fusion-title-size-four\" style=\"--awb-text-color:var(--awb-custom_color_1);--awb-margin-bottom:20px;\"><h4 class=\"fusion-title-heading title-heading-left\" style=\"margin:0;letter-spacing:0px;line-height:0px;\">AV\u00cdS LEGAL<\/h4><\/div><div class=\"fusion-text fusion-text-1\" style=\"--awb-line-height:20px;--awb-letter-spacing:0px;\"><p class=\"titol\">Av\u00eds Legal<\/p>\n<p>En virtut de la Llei 34\/2002 de serveis de la societat de la informaci\u00f3 i de comer\u00e7 electr\u00f2nic, l&#8217;informem que aquesta p\u00e0gina Web \u00e9s propietat de BARNA LABOR ETT, SL., d&#8217;ara endavant BARNA LABOR. El nostre domicili social est\u00e0 situat a Esparreguera (Barcelona) , Av. Francesc Maci\u00e0, 231, amb C.I.F. n\u00fam. B61055471, inscrita en el Registre Mercantil de Barcelona, Tom 28.793, Foli 194, Fulla B-142.283, CIF B61055471<\/p>\n<p>L&#8217;acc\u00e9s a aquesta p\u00e0gina Web, que compr\u00e8n la navegaci\u00f3 per la mateixa i la utilitzaci\u00f3 de qualssevol recursos inclosos en ella, comporta la pr\u00e8via lectura, el coneixement i l&#8217;acceptaci\u00f3 \u00edntegra, expressa i sense reserves de les presents <strong>CONDICIONS GENERALS D&#8217;\u00daS.<\/strong> , L&#8217;usuari s&#8217;abstindr\u00e0 d&#8217;utilitzar aquest portal i operar per mitj\u00e0 del mateix en cas de no estar d&#8217;acord amb les presents condicions d&#8217;\u00fas.<\/p>\n<p>BARNA LABOR es reserva el dret de modificar unilateralment la presentaci\u00f3 i configuraci\u00f3 de la nostra Web, i fins i tot suprimir-la de la Xarxa, aix\u00ed com els serveis i continguts prestats, en qualsevol moment i sense necessitat de previ av\u00eds.<\/p>\n<p>Les presents condicions d&#8217;\u00fas de la nostra p\u00e0gina Web, es regeixen per la normativa exclusivament aplicable a Espanya, quedant sotmesa a ella, tant els nacionals com els estrangers que la utilitzin.<\/p>\n<p><strong>Condicions d&#8217;Utilitzaci\u00f3 i Acc\u00e9s:<\/strong><\/p>\n<p>Tots els continguts, textos i imatges presents en la nostra p\u00e0gina Web s\u00f3n propietat de BARNA LABOR i estan protegits per les lleis de Propietat Intel\u00b7lectual. Aquests continguts hauran de ser usats de manera correcta i l\u00edcita per l&#8217;usuari i, en particular, quedant obligat a utilitzar-los de manera diligent, correcta i l\u00edcita.<\/p>\n<p>Tot el contingut d&#8217;aquesta p\u00e0gina Web ha d&#8217;utilitzar-se conforme a la bona fe, a la moral o als bons costums acceptats en l&#8217;ordre p\u00fablic, i l&#8217;acc\u00e9s per part de l&#8217;usuari es troba sota la seva pr\u00f2pia i exclusiva responsabilitat i sense que aix\u00f2 constitueixi, sota cap circumst\u00e0ncia, una relaci\u00f3 professional, mercantil ni laboral alguna entre BARNA LABOR i l&#8217;usuari.<\/p>\n<p>Est\u00e0 prohibida la transmissi\u00f3 de qualsevol tipus de dades per part de l&#8217;usuari d&#8217;aquesta Web que atempti contra els drets de propietat de tercers, siguin obscens, pornogr\u00e0fics, difamatoris, de car\u00e0cter amena\u00e7ador, \u00e9s a dir un material que pugui ser considerat delicte o falta en virtut del vigent Codi Penal.<\/p>\n<p>L&#8217;usuari \u00fanicament t\u00e9 dret a l&#8217;\u00fas privat dels continguts, textos, imatges, veus o estructura de la nostra p\u00e0gina Web, quedant expressament prohibida la reproducci\u00f3, c\u00f2pia, explotaci\u00f3, distribuci\u00f3, transformaci\u00f3 o modificaci\u00f3 d&#8217;aquests, tret que compti amb l&#8217;autoritzaci\u00f3 expressa i per escrit de BARNA LABOR.<\/p>\n<p><strong>Responsabilitats per Danys i Perjudicis:<\/strong><\/p>\n<p>L&#8217;usuari de la nostra p\u00e0gina Web ser\u00e0 responsable dels danys i perjudicis que BARNA LABOR pugui sofrir directament o indirectament, a conseq\u00fc\u00e8ncia de l&#8217;incompliment de qualsevol de les obligacions derivades establertes en el present Av\u00eds Legal.<\/p>\n<p><strong>L\u00edmit de Responsabilitat:<\/strong><\/p>\n<p>En cap cas BARNA LABOR ser\u00e0 responsable de danys i perjudicis que poguessin ocasionar:<\/p>\n<ol type=\"a\">\n<li>Qualssevol errors en els continguts d&#8217;aquesta p\u00e0gina Web o en els documents impresos des d&#8217;aquesta.<\/li>\n<li>Els productes i serveis aix\u00ed com les activitats visualitzades mitjan\u00e7ant links, directament o indirectament, a trav\u00e9s d&#8217;aquesta p\u00e0gina Web. La pres\u00e8ncia d&#8217;aquests links, excepte manifestaci\u00f3 expressa en contra per BARNA LABOR, t\u00e9 una finalitat merament informativa i en cap cas suposen un suggeriment, invitaci\u00f3 o recomanaci\u00f3 sobre els productes, serveis i activitats en q\u00fcesti\u00f3.<\/li>\n<li>Qualssevol errors o interrupcions que es produeixin en l&#8217;acc\u00e9s a aquesta p\u00e0gina Web i per qualssevol errors en les aplicacions a les quals pugui accedir-se a trav\u00e9s d&#8217;aquesta.<\/li>\n<li>Les avaries, caigudes, interrupcions i fallades de qualsevol tipus ocasionades per l&#8217;acc\u00e9s a aquesta p\u00e0gina Web en sistemes inform\u00e0tics o de telecomunicaci\u00f3 aix\u00ed com pels virus amb els quals aquests sistemes poguessin resultar infectats.<\/li>\n<li>La vulneraci\u00f3 per part de tercers de la privacitat relativa a la utilitzaci\u00f3 pels usuaris d&#8217;aquesta p\u00e0gina Web.<\/li>\n<li>Qualsevol altra circumst\u00e0ncia relacionada directament o indirectament amb l&#8217;acc\u00e9s a aquesta p\u00e0gina Web.<\/li>\n<\/ol>\n<p>L&#8217;exempci\u00f3 de responsabilitat prevista en aquest apartat, compr\u00e8n tamb\u00e9 els danys directes, indirectes i consecuenciales que sorgeixin en relaci\u00f3 amb la utilitzaci\u00f3 d&#8217;aquesta p\u00e0gina Web (o dels enlla\u00e7os amb altres p\u00e0gines aqu\u00ed recollides), independentment del lloc i el moment en quese produeixin o materialitzin els mateixos.<\/p>\n<p>Aquesta exenci\u00f3nse aplicar\u00e0 igualment a qualssevol danys relatius a la p\u00e8rdua d&#8217;ingressos, interessos, beneficis, negocis, oportunitats, imatge, reputaci\u00f3 comercial en el mercat i, en general, tant al lucre cessant com al mal emergent dels qui els sofreixin. L&#8217;acc\u00e9s a aquesta p\u00e0gina Web constitueix una ren\u00fancia expressa i definitiva per part de l&#8217;usuari a reclamar a BARNA LABOR per qualsevol dels fets al\u00b7ludits.<\/p>\n<p>En cas de ser requerit per ordre judicial, BARNA LABOR col\u00b7laborar\u00e0 amb les autoritats pertinents en la identificaci\u00f3 de les persones responsables d&#8217;aquells continguts que puguin violar la llei.<\/p>\n<p>La p\u00e0gina Web de BARNA LABOR connecta amb uns certs links d&#8217;altres p\u00e0gines web que pertanyen a tercers sobre els quals BARNA LABOR no t\u00e9 cap control. En aquests sup\u00f2sits BARNA LABOR no assumeix cap responsabilitat ni comprom\u00eds sobre la informaci\u00f3 continguda en aquestes p\u00e0gines.<\/p>\n<\/div><\/div><\/div><\/div><\/div>\n","protected":false},"excerpt":{"rendered":"","protected":false},"author":1,"featured_media":0,"parent":0,"menu_order":0,"comment_status":"closed","ping_status":"closed","template":"","meta":{"footnotes":""},"class_list":["post-299","page","type-page","status-publish","hentry"],"yoast_head":"<!-- This site is optimized with the Yoast SEO plugin v27.5 - https:\/\/yoast.com\/product\/yoast-seo-wordpress\/ -->\n<title>Av\u00eds legal - Barna Labor SL<\/title>\n<meta name=\"robots\" content=\"index, follow, max-snippet:-1, max-image-preview:large, max-video-preview:-1\" \/>\n<link rel=\"canonical\" href=\"https:\/\/barnalabor.es\/ca\/avis-legal\/\" \/>\n<meta property=\"og:locale\" content=\"ca_ES\" \/>\n<meta property=\"og:type\" content=\"article\" \/>\n<meta property=\"og:title\" content=\"Av\u00eds legal - Barna Labor SL\" \/>\n<meta property=\"og:url\" content=\"https:\/\/barnalabor.es\/ca\/avis-legal\/\" \/>\n<meta property=\"og:site_name\" content=\"Barna Labor SL\" \/>\n<meta property=\"article:modified_time\" content=\"2024-01-26T12:01:58+00:00\" \/>\n<meta name=\"twitter:card\" content=\"summary_large_image\" \/>\n<meta name=\"twitter:label1\" content=\"Temps estimat de lectura\" \/>\n\t<meta name=\"twitter:data1\" content=\"14 minuts\" \/>\n<script type=\"application\/ld+json\" class=\"yoast-schema-graph\">{\"@context\":\"https:\\\/\\\/schema.org\",\"@graph\":[{\"@type\":\"WebPage\",\"@id\":\"https:\\\/\\\/barnalabor.es\\\/ca\\\/avis-legal\\\/\",\"url\":\"https:\\\/\\\/barnalabor.es\\\/ca\\\/avis-legal\\\/\",\"name\":\"Av\u00eds legal - Barna Labor SL\",\"isPartOf\":{\"@id\":\"https:\\\/\\\/barnalabor.es\\\/#website\"},\"datePublished\":\"2024-01-26T09:06:22+00:00\",\"dateModified\":\"2024-01-26T12:01:58+00:00\",\"breadcrumb\":{\"@id\":\"https:\\\/\\\/barnalabor.es\\\/ca\\\/avis-legal\\\/#breadcrumb\"},\"inLanguage\":\"ca\",\"potentialAction\":[{\"@type\":\"ReadAction\",\"target\":[\"https:\\\/\\\/barnalabor.es\\\/ca\\\/avis-legal\\\/\"]}]},{\"@type\":\"BreadcrumbList\",\"@id\":\"https:\\\/\\\/barnalabor.es\\\/ca\\\/avis-legal\\\/#breadcrumb\",\"itemListElement\":[{\"@type\":\"ListItem\",\"position\":1,\"name\":\"Portada\",\"item\":\"https:\\\/\\\/barnalabor.es\\\/ca\\\/\"},{\"@type\":\"ListItem\",\"position\":2,\"name\":\"Av\u00eds legal\"}]},{\"@type\":\"WebSite\",\"@id\":\"https:\\\/\\\/barnalabor.es\\\/#website\",\"url\":\"https:\\\/\\\/barnalabor.es\\\/\",\"name\":\"Barna Labor SL\",\"description\":\"Just another WordPress site\",\"potentialAction\":[{\"@type\":\"SearchAction\",\"target\":{\"@type\":\"EntryPoint\",\"urlTemplate\":\"https:\\\/\\\/barnalabor.es\\\/?s={search_term_string}\"},\"query-input\":{\"@type\":\"PropertyValueSpecification\",\"valueRequired\":true,\"valueName\":\"search_term_string\"}}],\"inLanguage\":\"ca\"}]}<\/script>\n<!-- \/ Yoast SEO plugin. -->","yoast_head_json":{"title":"Av\u00eds legal - Barna Labor SL","robots":{"index":"index","follow":"follow","max-snippet":"max-snippet:-1","max-image-preview":"max-image-preview:large","max-video-preview":"max-video-preview:-1"},"canonical":"https:\/\/barnalabor.es\/ca\/avis-legal\/","og_locale":"ca_ES","og_type":"article","og_title":"Av\u00eds legal - Barna Labor SL","og_url":"https:\/\/barnalabor.es\/ca\/avis-legal\/","og_site_name":"Barna Labor SL","article_modified_time":"2024-01-26T12:01:58+00:00","twitter_card":"summary_large_image","twitter_misc":{"Temps estimat de lectura":"14 minuts"},"schema":{"@context":"https:\/\/schema.org","@graph":[{"@type":"WebPage","@id":"https:\/\/barnalabor.es\/ca\/avis-legal\/","url":"https:\/\/barnalabor.es\/ca\/avis-legal\/","name":"Av\u00eds legal - Barna Labor SL","isPartOf":{"@id":"https:\/\/barnalabor.es\/#website"},"datePublished":"2024-01-26T09:06:22+00:00","dateModified":"2024-01-26T12:01:58+00:00","breadcrumb":{"@id":"https:\/\/barnalabor.es\/ca\/avis-legal\/#breadcrumb"},"inLanguage":"ca","potentialAction":[{"@type":"ReadAction","target":["https:\/\/barnalabor.es\/ca\/avis-legal\/"]}]},{"@type":"BreadcrumbList","@id":"https:\/\/barnalabor.es\/ca\/avis-legal\/#breadcrumb","itemListElement":[{"@type":"ListItem","position":1,"name":"Portada","item":"https:\/\/barnalabor.es\/ca\/"},{"@type":"ListItem","position":2,"name":"Av\u00eds legal"}]},{"@type":"WebSite","@id":"https:\/\/barnalabor.es\/#website","url":"https:\/\/barnalabor.es\/","name":"Barna Labor SL","description":"Just another WordPress site","potentialAction":[{"@type":"SearchAction","target":{"@type":"EntryPoint","urlTemplate":"https:\/\/barnalabor.es\/?s={search_term_string}"},"query-input":{"@type":"PropertyValueSpecification","valueRequired":true,"valueName":"search_term_string"}}],"inLanguage":"ca"}]}},"_links":{"self":[{"href":"https:\/\/barnalabor.es\/ca\/wp-json\/wp\/v2\/pages\/299","targetHints":{"allow":["GET"]}}],"collection":[{"href":"https:\/\/barnalabor.es\/ca\/wp-json\/wp\/v2\/pages"}],"about":[{"href":"https:\/\/barnalabor.es\/ca\/wp-json\/wp\/v2\/types\/page"}],"author":[{"embeddable":true,"href":"https:\/\/barnalabor.es\/ca\/wp-json\/wp\/v2\/users\/1"}],"replies":[{"embeddable":true,"href":"https:\/\/barnalabor.es\/ca\/wp-json\/wp\/v2\/comments?post=299"}],"version-history":[{"count":2,"href":"https:\/\/barnalabor.es\/ca\/wp-json\/wp\/v2\/pages\/299\/revisions"}],"predecessor-version":[{"id":301,"href":"https:\/\/barnalabor.es\/ca\/wp-json\/wp\/v2\/pages\/299\/revisions\/301"}],"wp:attachment":[{"href":"https:\/\/barnalabor.es\/ca\/wp-json\/wp\/v2\/media?parent=299"}],"curies":[{"name":"wp","href":"https:\/\/api.w.org\/{rel}","templated":true}]}}