{"id":285,"date":"2024-01-26T08:46:51","date_gmt":"2024-01-26T08:46:51","guid":{"rendered":"https:\/\/barnalabor.nbgroup.es\/serveis\/"},"modified":"2024-01-26T11:28:18","modified_gmt":"2024-01-26T11:28:18","slug":"serveis","status":"publish","type":"page","link":"https:\/\/barnalabor.es\/ca\/serveis\/","title":{"rendered":"Serveis"},"content":{"rendered":"<div class=\"fusion-fullwidth fullwidth-box fusion-builder-row-1 fusion-flex-container has-pattern-background has-mask-background nonhundred-percent-fullwidth non-hundred-percent-height-scrolling fusion-custom-z-index\" style=\"--awb-border-radius-top-left:0px;--awb-border-radius-top-right:0px;--awb-border-radius-bottom-right:0px;--awb-border-radius-bottom-left:0px;--awb-z-index:1;--awb-flex-wrap:wrap;\" ><div class=\"fusion-builder-row fusion-row fusion-flex-align-items-flex-start fusion-flex-content-wrap\" style=\"max-width:1248px;margin-left: calc(-4% \/ 2 );margin-right: calc(-4% \/ 2 );\"><div class=\"fusion-layout-column fusion_builder_column fusion-builder-column-0 fusion_builder_column_1_1 1_1 fusion-flex-column\" style=\"--awb-padding-top:10px;--awb-padding-right:10px;--awb-padding-bottom:10px;--awb-padding-left:10px;--awb-overflow:hidden;--awb-bg-color:#f9f9fb;--awb-bg-color-hover:#f9f9fb;--awb-bg-size:cover;--awb-border-radius:5px 5px 5px 5px;--awb-width-large:100%;--awb-margin-top-large:0px;--awb-spacing-right-large:1.92%;--awb-margin-bottom-large:20px;--awb-spacing-left-large:1.92%;--awb-width-medium:100%;--awb-order-medium:0;--awb-spacing-right-medium:1.92%;--awb-spacing-left-medium:1.92%;--awb-width-small:100%;--awb-order-small:0;--awb-spacing-right-small:1.92%;--awb-spacing-left-small:1.92%;\" data-motion-effects=\"[{&quot;type&quot;:&quot;&quot;,&quot;scroll_type&quot;:&quot;transition&quot;,&quot;scroll_direction&quot;:&quot;up&quot;,&quot;transition_speed&quot;:&quot;1&quot;,&quot;fade_type&quot;:&quot;in&quot;,&quot;scale_type&quot;:&quot;up&quot;,&quot;initial_scale&quot;:&quot;1&quot;,&quot;max_scale&quot;:&quot;1.5&quot;,&quot;min_scale&quot;:&quot;0.5&quot;,&quot;initial_rotate&quot;:&quot;0&quot;,&quot;end_rotate&quot;:&quot;30&quot;,&quot;initial_blur&quot;:&quot;0&quot;,&quot;end_blur&quot;:&quot;3&quot;,&quot;start_element&quot;:&quot;top&quot;,&quot;start_viewport&quot;:&quot;bottom&quot;,&quot;end_element&quot;:&quot;bottom&quot;,&quot;end_viewport&quot;:&quot;top&quot;,&quot;mouse_effect&quot;:&quot;track&quot;,&quot;mouse_effect_direction&quot;:&quot;opposite&quot;,&quot;mouse_effect_speed&quot;:&quot;2&quot;,&quot;infinite_animation&quot;:&quot;float&quot;,&quot;infinite_animation_speed&quot;:&quot;2&quot;}]\" data-scroll-devices=\"small-visibility,medium-visibility,large-visibility\"><div class=\"fusion-column-wrapper fusion-column-has-shadow fusion-flex-justify-content-flex-start fusion-content-layout-column\"><nav class=\"fusion-breadcrumbs awb-yoast-breadcrumbs fusion-breadcrumbs-1\" style=\"--awb-breadcrumb-sep:&#039;\/&#039;;\" aria-label=\"Breadcrumb\"><span><span><a href=\"https:\/\/barnalabor.es\/ca\/\">Portada<\/a><\/span><\/span><\/nav><\/div><\/div><div class=\"fusion-layout-column fusion_builder_column fusion-builder-column-1 fusion_builder_column_1_1 1_1 fusion-flex-column\" style=\"--awb-bg-size:cover;--awb-width-large:100%;--awb-margin-top-large:20px;--awb-spacing-right-large:1.92%;--awb-margin-bottom-large:20px;--awb-spacing-left-large:1.92%;--awb-width-medium:100%;--awb-order-medium:0;--awb-spacing-right-medium:1.92%;--awb-spacing-left-medium:1.92%;--awb-width-small:100%;--awb-order-small:0;--awb-spacing-right-small:1.92%;--awb-spacing-left-small:1.92%;\" data-motion-effects=\"[{&quot;type&quot;:&quot;&quot;,&quot;scroll_type&quot;:&quot;transition&quot;,&quot;scroll_direction&quot;:&quot;up&quot;,&quot;transition_speed&quot;:&quot;1&quot;,&quot;fade_type&quot;:&quot;in&quot;,&quot;scale_type&quot;:&quot;up&quot;,&quot;initial_scale&quot;:&quot;1&quot;,&quot;max_scale&quot;:&quot;1.5&quot;,&quot;min_scale&quot;:&quot;0.5&quot;,&quot;initial_rotate&quot;:&quot;0&quot;,&quot;end_rotate&quot;:&quot;30&quot;,&quot;initial_blur&quot;:&quot;0&quot;,&quot;end_blur&quot;:&quot;3&quot;,&quot;start_element&quot;:&quot;top&quot;,&quot;start_viewport&quot;:&quot;bottom&quot;,&quot;end_element&quot;:&quot;bottom&quot;,&quot;end_viewport&quot;:&quot;top&quot;,&quot;mouse_effect&quot;:&quot;track&quot;,&quot;mouse_effect_direction&quot;:&quot;opposite&quot;,&quot;mouse_effect_speed&quot;:&quot;2&quot;,&quot;infinite_animation&quot;:&quot;float&quot;,&quot;infinite_animation_speed&quot;:&quot;2&quot;}]\" data-scroll-devices=\"small-visibility,medium-visibility,large-visibility\"><div class=\"fusion-column-wrapper fusion-column-has-shadow fusion-flex-justify-content-flex-start fusion-content-layout-column\"><div class=\"fusion-title title fusion-title-1 fusion-sep-none fusion-title-text fusion-title-size-four\" style=\"--awb-text-color:var(--awb-custom_color_1);\"><h4 class=\"fusion-title-heading title-heading-left\" style=\"margin:0;letter-spacing:0px;line-height:0px;\">Els nostres serveis<\/h4><\/div><div class=\"fusion-title title fusion-title-2 fusion-sep-none fusion-title-text fusion-title-size-six\" style=\"--awb-text-color:var(--awb-custom_color_2);\"><h6 class=\"fusion-title-heading title-heading-left\" style=\"font-family:&quot;Inter&quot;;font-style:normal;font-weight:700;margin:0;letter-spacing:0px;line-height:0px;\"><h4>CERCA, SELECCI\u00d3 I CONTRACTACI\u00d3 DE PERSONAL<\/h4><\/h6><\/div><div class=\"fusion-text fusion-text-1\" style=\"--awb-line-height:20px;--awb-letter-spacing:0px;\"><p>BARNA LABOR assumeix tota la gesti\u00f3 i responsabilitat des que la seva empresa detecta una necessitat laboral fins que, una vegada coberta aquesta activitat, el treballador es desvincula de la seva companyia.<\/p>\n<p><strong>1. Captaci\u00f3 i selecci\u00f3 de persones<\/strong><br \/>\nComptem amb un equip qualificat que filtra i avalua el curr\u00edculum dels candidats que conformaran la nostra base de contactes professionals.<\/p>\n<p><strong>2. Elaboraci\u00f3 de perfil<\/strong><br \/>\nL&#8217;ajudem a definir el perfil professional m\u00e9s adequat per al lloc de treball que desitja cobrir.<\/p>\n<p><strong>3. Cerca del candidat idoni<\/strong><br \/>\nSeleccionem els candidats que millor s&#8217;ajusten a les necessitats sol\u00b7licitades perqu\u00e8 pugui triar el que m\u00e9s li conv\u00e9.<\/p>\n<p><strong>4. Formaci\u00f3 espec\u00edfica per al lloc<\/strong><br \/>\nFormem a tots els nostres empleats en prevenci\u00f3 de riscos laborals en funci\u00f3 de la seva categoria. En cas que l&#8217;empresa ho requereixi, oferim tamb\u00e9 plans personalitzats de formaci\u00f3 espec\u00edfica per al seu lloc.<\/p>\n<p><strong>5. Contractaci\u00f3<\/strong><br \/>\nBARNA LABOR contracta a tots els seus treballadors. Aix\u00f2 inclou la gesti\u00f3 i c\u00e0rrecs de la Seguretat Social, el contracte de treball, la n\u00f2mina i les indemnitzacions.<\/p>\n<p><strong>6. Transpar\u00e8ncia i garantia jur\u00eddica<\/strong><br \/>\nTots els nostres treballadors disposen de la informaci\u00f3 i formaci\u00f3 exigida per la <a class=\"lnk_blau\" href=\"http:\/\/www.mtas.es\/insht\/legislation\/L\/lprl.htm\" target=\"_Blank\" rel=\"noopener\">Llei de Prevenci\u00f3 de Riscos Laborals (LPRL).<\/a><br \/>\nPosem a la disposici\u00f3 dels nostres clients tota la informaci\u00f3 necess\u00e0ria sobre el corrent de pagament amb la Tresoreria General de la Seguretat Social i l&#8217;Ag\u00e8ncia Tribut\u00e0ria.<br \/>\nTamb\u00e9 disposem d&#8217;una asseguran\u00e7a de Responsabilitat Civil que cobreix un eventual mal a tercers dels nostres empleats.<\/p>\n<\/div><\/div><\/div><\/div><\/div>\n","protected":false},"excerpt":{"rendered":"","protected":false},"author":1,"featured_media":0,"parent":0,"menu_order":0,"comment_status":"closed","ping_status":"closed","template":"","meta":{"footnotes":""},"class_list":["post-285","page","type-page","status-publish","hentry"],"yoast_head":"<!-- This site is optimized with the Yoast SEO plugin v27.4 - https:\/\/yoast.com\/product\/yoast-seo-wordpress\/ -->\n<title>Serveis - Barna Labor SL<\/title>\n<meta name=\"description\" content=\"Cerca, selecci\u00f3 i contractaci\u00f3 de personal. Transpar\u00e8ncia, formaci\u00f3 i seguretat jur\u00eddica. Confia en nosaltres per a les teves necessitats laborals.\" \/>\n<meta name=\"robots\" content=\"index, follow, max-snippet:-1, max-image-preview:large, max-video-preview:-1\" \/>\n<link rel=\"canonical\" href=\"https:\/\/barnalabor.es\/ca\/serveis\/\" \/>\n<meta property=\"og:locale\" content=\"ca_ES\" \/>\n<meta property=\"og:type\" content=\"article\" \/>\n<meta property=\"og:title\" content=\"Serveis - Barna Labor SL\" \/>\n<meta property=\"og:description\" content=\"Cerca, selecci\u00f3 i contractaci\u00f3 de personal. Transpar\u00e8ncia, formaci\u00f3 i seguretat jur\u00eddica. Confia en nosaltres per a les teves necessitats laborals.\" \/>\n<meta property=\"og:url\" content=\"https:\/\/barnalabor.es\/ca\/serveis\/\" \/>\n<meta property=\"og:site_name\" content=\"Barna Labor SL\" \/>\n<meta property=\"article:modified_time\" content=\"2024-01-26T11:28:18+00:00\" \/>\n<meta name=\"twitter:card\" content=\"summary_large_image\" \/>\n<meta name=\"twitter:label1\" content=\"Temps estimat de lectura\" \/>\n\t<meta name=\"twitter:data1\" content=\"12 minuts\" \/>\n<script type=\"application\/ld+json\" class=\"yoast-schema-graph\">{\"@context\":\"https:\\\/\\\/schema.org\",\"@graph\":[{\"@type\":\"WebPage\",\"@id\":\"https:\\\/\\\/barnalabor.es\\\/ca\\\/serveis\\\/\",\"url\":\"https:\\\/\\\/barnalabor.es\\\/ca\\\/serveis\\\/\",\"name\":\"Serveis - Barna Labor SL\",\"isPartOf\":{\"@id\":\"https:\\\/\\\/barnalabor.es\\\/#website\"},\"datePublished\":\"2024-01-26T08:46:51+00:00\",\"dateModified\":\"2024-01-26T11:28:18+00:00\",\"description\":\"Cerca, selecci\u00f3 i contractaci\u00f3 de personal. Transpar\u00e8ncia, formaci\u00f3 i seguretat jur\u00eddica. Confia en nosaltres per a les teves necessitats laborals.\",\"breadcrumb\":{\"@id\":\"https:\\\/\\\/barnalabor.es\\\/ca\\\/serveis\\\/#breadcrumb\"},\"inLanguage\":\"ca\",\"potentialAction\":[{\"@type\":\"ReadAction\",\"target\":[\"https:\\\/\\\/barnalabor.es\\\/ca\\\/serveis\\\/\"]}]},{\"@type\":\"BreadcrumbList\",\"@id\":\"https:\\\/\\\/barnalabor.es\\\/ca\\\/serveis\\\/#breadcrumb\",\"itemListElement\":[{\"@type\":\"ListItem\",\"position\":1,\"name\":\"Portada\",\"item\":\"https:\\\/\\\/barnalabor.es\\\/ca\\\/\"},{\"@type\":\"ListItem\",\"position\":2,\"name\":\"Serveis\"}]},{\"@type\":\"WebSite\",\"@id\":\"https:\\\/\\\/barnalabor.es\\\/#website\",\"url\":\"https:\\\/\\\/barnalabor.es\\\/\",\"name\":\"Barna Labor SL\",\"description\":\"Just another WordPress site\",\"potentialAction\":[{\"@type\":\"SearchAction\",\"target\":{\"@type\":\"EntryPoint\",\"urlTemplate\":\"https:\\\/\\\/barnalabor.es\\\/?s={search_term_string}\"},\"query-input\":{\"@type\":\"PropertyValueSpecification\",\"valueRequired\":true,\"valueName\":\"search_term_string\"}}],\"inLanguage\":\"ca\"}]}<\/script>\n<!-- \/ Yoast SEO plugin. -->","yoast_head_json":{"title":"Serveis - Barna Labor SL","description":"Cerca, selecci\u00f3 i contractaci\u00f3 de personal. Transpar\u00e8ncia, formaci\u00f3 i seguretat jur\u00eddica. Confia en nosaltres per a les teves necessitats laborals.","robots":{"index":"index","follow":"follow","max-snippet":"max-snippet:-1","max-image-preview":"max-image-preview:large","max-video-preview":"max-video-preview:-1"},"canonical":"https:\/\/barnalabor.es\/ca\/serveis\/","og_locale":"ca_ES","og_type":"article","og_title":"Serveis - Barna Labor SL","og_description":"Cerca, selecci\u00f3 i contractaci\u00f3 de personal. Transpar\u00e8ncia, formaci\u00f3 i seguretat jur\u00eddica. Confia en nosaltres per a les teves necessitats laborals.","og_url":"https:\/\/barnalabor.es\/ca\/serveis\/","og_site_name":"Barna Labor SL","article_modified_time":"2024-01-26T11:28:18+00:00","twitter_card":"summary_large_image","twitter_misc":{"Temps estimat de lectura":"12 minuts"},"schema":{"@context":"https:\/\/schema.org","@graph":[{"@type":"WebPage","@id":"https:\/\/barnalabor.es\/ca\/serveis\/","url":"https:\/\/barnalabor.es\/ca\/serveis\/","name":"Serveis - Barna Labor SL","isPartOf":{"@id":"https:\/\/barnalabor.es\/#website"},"datePublished":"2024-01-26T08:46:51+00:00","dateModified":"2024-01-26T11:28:18+00:00","description":"Cerca, selecci\u00f3 i contractaci\u00f3 de personal. Transpar\u00e8ncia, formaci\u00f3 i seguretat jur\u00eddica. Confia en nosaltres per a les teves necessitats laborals.","breadcrumb":{"@id":"https:\/\/barnalabor.es\/ca\/serveis\/#breadcrumb"},"inLanguage":"ca","potentialAction":[{"@type":"ReadAction","target":["https:\/\/barnalabor.es\/ca\/serveis\/"]}]},{"@type":"BreadcrumbList","@id":"https:\/\/barnalabor.es\/ca\/serveis\/#breadcrumb","itemListElement":[{"@type":"ListItem","position":1,"name":"Portada","item":"https:\/\/barnalabor.es\/ca\/"},{"@type":"ListItem","position":2,"name":"Serveis"}]},{"@type":"WebSite","@id":"https:\/\/barnalabor.es\/#website","url":"https:\/\/barnalabor.es\/","name":"Barna Labor SL","description":"Just another WordPress site","potentialAction":[{"@type":"SearchAction","target":{"@type":"EntryPoint","urlTemplate":"https:\/\/barnalabor.es\/?s={search_term_string}"},"query-input":{"@type":"PropertyValueSpecification","valueRequired":true,"valueName":"search_term_string"}}],"inLanguage":"ca"}]}},"_links":{"self":[{"href":"https:\/\/barnalabor.es\/ca\/wp-json\/wp\/v2\/pages\/285","targetHints":{"allow":["GET"]}}],"collection":[{"href":"https:\/\/barnalabor.es\/ca\/wp-json\/wp\/v2\/pages"}],"about":[{"href":"https:\/\/barnalabor.es\/ca\/wp-json\/wp\/v2\/types\/page"}],"author":[{"embeddable":true,"href":"https:\/\/barnalabor.es\/ca\/wp-json\/wp\/v2\/users\/1"}],"replies":[{"embeddable":true,"href":"https:\/\/barnalabor.es\/ca\/wp-json\/wp\/v2\/comments?post=285"}],"version-history":[{"count":2,"href":"https:\/\/barnalabor.es\/ca\/wp-json\/wp\/v2\/pages\/285\/revisions"}],"predecessor-version":[{"id":287,"href":"https:\/\/barnalabor.es\/ca\/wp-json\/wp\/v2\/pages\/285\/revisions\/287"}],"wp:attachment":[{"href":"https:\/\/barnalabor.es\/ca\/wp-json\/wp\/v2\/media?parent=285"}],"curies":[{"name":"wp","href":"https:\/\/api.w.org\/{rel}","templated":true}]}}