{"id":276,"date":"2024-01-26T08:19:46","date_gmt":"2024-01-26T08:19:46","guid":{"rendered":"https:\/\/barnalabor.nbgroup.es\/el-que-has-de-saber\/"},"modified":"2024-01-26T11:12:08","modified_gmt":"2024-01-26T11:12:08","slug":"el-que-has-de-saber","status":"publish","type":"page","link":"https:\/\/barnalabor.es\/ca\/el-que-has-de-saber\/","title":{"rendered":"El que has de saber"},"content":{"rendered":"<div class=\"fusion-fullwidth fullwidth-box fusion-builder-row-1 fusion-flex-container has-pattern-background has-mask-background nonhundred-percent-fullwidth non-hundred-percent-height-scrolling fusion-custom-z-index\" style=\"--awb-border-radius-top-left:0px;--awb-border-radius-top-right:0px;--awb-border-radius-bottom-right:0px;--awb-border-radius-bottom-left:0px;--awb-z-index:1;--awb-flex-wrap:wrap;\" ><div class=\"fusion-builder-row fusion-row fusion-flex-align-items-flex-start fusion-flex-content-wrap\" style=\"max-width:1248px;margin-left: calc(-4% \/ 2 );margin-right: calc(-4% \/ 2 );\"><div class=\"fusion-layout-column fusion_builder_column fusion-builder-column-0 fusion_builder_column_1_1 1_1 fusion-flex-column\" style=\"--awb-padding-top:10px;--awb-padding-right:10px;--awb-padding-bottom:10px;--awb-padding-left:10px;--awb-overflow:hidden;--awb-bg-color:#f9f9fb;--awb-bg-color-hover:#f9f9fb;--awb-bg-size:cover;--awb-border-radius:5px 5px 5px 5px;--awb-width-large:100%;--awb-margin-top-large:0px;--awb-spacing-right-large:1.92%;--awb-margin-bottom-large:20px;--awb-spacing-left-large:1.92%;--awb-width-medium:100%;--awb-order-medium:0;--awb-spacing-right-medium:1.92%;--awb-spacing-left-medium:1.92%;--awb-width-small:100%;--awb-order-small:0;--awb-spacing-right-small:1.92%;--awb-spacing-left-small:1.92%;\" data-motion-effects=\"[{&quot;type&quot;:&quot;&quot;,&quot;scroll_type&quot;:&quot;transition&quot;,&quot;scroll_direction&quot;:&quot;up&quot;,&quot;transition_speed&quot;:&quot;1&quot;,&quot;fade_type&quot;:&quot;in&quot;,&quot;scale_type&quot;:&quot;up&quot;,&quot;initial_scale&quot;:&quot;1&quot;,&quot;max_scale&quot;:&quot;1.5&quot;,&quot;min_scale&quot;:&quot;0.5&quot;,&quot;initial_rotate&quot;:&quot;0&quot;,&quot;end_rotate&quot;:&quot;30&quot;,&quot;initial_blur&quot;:&quot;0&quot;,&quot;end_blur&quot;:&quot;3&quot;,&quot;start_element&quot;:&quot;top&quot;,&quot;start_viewport&quot;:&quot;bottom&quot;,&quot;end_element&quot;:&quot;bottom&quot;,&quot;end_viewport&quot;:&quot;top&quot;,&quot;mouse_effect&quot;:&quot;track&quot;,&quot;mouse_effect_direction&quot;:&quot;opposite&quot;,&quot;mouse_effect_speed&quot;:&quot;2&quot;,&quot;infinite_animation&quot;:&quot;float&quot;,&quot;infinite_animation_speed&quot;:&quot;2&quot;}]\" data-scroll-devices=\"small-visibility,medium-visibility,large-visibility\"><div class=\"fusion-column-wrapper fusion-column-has-shadow fusion-flex-justify-content-flex-start fusion-content-layout-column\"><nav class=\"fusion-breadcrumbs awb-yoast-breadcrumbs fusion-breadcrumbs-1\" style=\"--awb-breadcrumb-sep:&#039;\/&#039;;\" aria-label=\"Breadcrumb\"><span><span><a href=\"https:\/\/barnalabor.es\/ca\/\">Portada<\/a><\/span><\/span><\/nav><\/div><\/div><div class=\"fusion-layout-column fusion_builder_column fusion-builder-column-1 fusion_builder_column_1_1 1_1 fusion-flex-column\" style=\"--awb-bg-size:cover;--awb-width-large:100%;--awb-margin-top-large:20px;--awb-spacing-right-large:1.92%;--awb-margin-bottom-large:20px;--awb-spacing-left-large:1.92%;--awb-width-medium:100%;--awb-order-medium:0;--awb-spacing-right-medium:1.92%;--awb-spacing-left-medium:1.92%;--awb-width-small:100%;--awb-order-small:0;--awb-spacing-right-small:1.92%;--awb-spacing-left-small:1.92%;\" data-motion-effects=\"[{&quot;type&quot;:&quot;&quot;,&quot;scroll_type&quot;:&quot;transition&quot;,&quot;scroll_direction&quot;:&quot;up&quot;,&quot;transition_speed&quot;:&quot;1&quot;,&quot;fade_type&quot;:&quot;in&quot;,&quot;scale_type&quot;:&quot;up&quot;,&quot;initial_scale&quot;:&quot;1&quot;,&quot;max_scale&quot;:&quot;1.5&quot;,&quot;min_scale&quot;:&quot;0.5&quot;,&quot;initial_rotate&quot;:&quot;0&quot;,&quot;end_rotate&quot;:&quot;30&quot;,&quot;initial_blur&quot;:&quot;0&quot;,&quot;end_blur&quot;:&quot;3&quot;,&quot;start_element&quot;:&quot;top&quot;,&quot;start_viewport&quot;:&quot;bottom&quot;,&quot;end_element&quot;:&quot;bottom&quot;,&quot;end_viewport&quot;:&quot;top&quot;,&quot;mouse_effect&quot;:&quot;track&quot;,&quot;mouse_effect_direction&quot;:&quot;opposite&quot;,&quot;mouse_effect_speed&quot;:&quot;2&quot;,&quot;infinite_animation&quot;:&quot;float&quot;,&quot;infinite_animation_speed&quot;:&quot;2&quot;}]\" data-scroll-devices=\"small-visibility,medium-visibility,large-visibility\"><div class=\"fusion-column-wrapper fusion-column-has-shadow fusion-flex-justify-content-flex-start fusion-content-layout-column\"><div class=\"fusion-title title fusion-title-1 fusion-sep-none fusion-title-text fusion-title-size-four\" style=\"--awb-text-color:var(--awb-custom_color_1);\"><h4 class=\"fusion-title-heading title-heading-left\" style=\"margin:0;letter-spacing:0px;line-height:0px;\">EL QUE HAS DE SABER<\/h4><\/div><div class=\"fusion-title title fusion-title-2 fusion-sep-none fusion-title-text fusion-title-size-six\" style=\"--awb-text-color:var(--awb-custom_color_2);\"><h6 class=\"fusion-title-heading title-heading-left\" style=\"font-family:&quot;Inter&quot;;font-style:normal;font-weight:700;margin:0;letter-spacing:0px;line-height:0px;\"><h4>SOM LA TEVA EMPRESA<\/h4><\/h6><\/div><div class=\"fusion-text fusion-text-1\" style=\"--awb-line-height:20px;--awb-letter-spacing:0px;\"><p>BARNA LABOR \u00e9s la teva empresa. Posem a la teva disposici\u00f3 tots els nostres recursos i un equip d&#8217;experts que t&#8217;orientaran i ajudaran en el teu desenvolupament laboral. A canvi, busquem el teu comprom\u00eds professional i hum\u00e0 perqu\u00e8 la nostra relaci\u00f3 sigui un \u00e8xit.<br \/>\nSigui quina sigui l&#8217;empresa en la qual treballis, volem mantenir una relaci\u00f3 directa, transparent i continuada amb tu. Per a aconseguir-ho, aquests s\u00f3n els teus drets i obligacions*:<\/p>\n<p><strong>Drets<\/strong><\/p>\n<ol>\n<li>Rebre informaci\u00f3 i formaci\u00f3 espec\u00edfica sobre el lloc de treball que exercir\u00e0s.<\/li>\n<li>El teu salari equivaldr\u00e0, com a m\u00ednim, a la retribuci\u00f3 total establerta per al lloc de treball pel conveni col\u00b7lectiu de l&#8217;empresa usu\u00e0ria. Aquesta retribuci\u00f3 es calcula per hora de treball, que inclou la part proporcional al descans setmanal, la paga extraordin\u00e0ria, els festius i vacances.<\/li>\n<li>Pots fer \u00fas del transport i les instal\u00b7lacions col\u00b7lectives de l&#8217;empresa usu\u00e0ria.<\/li>\n<li>En cas necessari, podr\u00e0s presentar de reclamacions en relaci\u00f3 a la teva activitat laboral a trav\u00e9s dels representants dels treballadors de l&#8217;empresa usu\u00e0ria.<\/li>\n<li>A la fi del contracte, rebr\u00e0s una indemnitzaci\u00f3 econ\u00f2mica de 12 dies de salari per any de servei.<\/li>\n<li>Durant la teva relaci\u00f3 laboral i amb l&#8217;objectiu de millorar la qualitat del teu treball, podr\u00e0s fer tot tipus de suggeriments i\/o consultes sobre riscos laborals. BARNA LABOR es compromet a atendre la teva petici\u00f3 en un termini m\u00e0xim de tres dies.<\/li>\n<\/ol>\n<p><strong>Obligacions<\/strong><\/p>\n<ol>\n<li>Realitzar un breu curs de formaci\u00f3 espec\u00edfica per al lloc que exercir\u00e0s. BARNA LABOR et facilitar\u00e0 els materials necessaris dels quals t&#8217;examinar\u00e0 en el termini de 7 dies.<\/li>\n<li>Completar el comunicat de treball abans del primer dia h\u00e0bil de cada mes.<\/li>\n<li>Comunicar a BARNA LABOR qualsevol canvi d&#8217;horari, departament, centre de treball, etc.<\/li>\n<li>En cas de faltar al treball per alguna causa major haur\u00e0s d&#8217;avisar a BARNA LABOR al m\u00e9s aviat possible.<\/li>\n<li>En cas de visita m\u00e8dica haur\u00e0s de portar un justificant. En cas de malaltia o accident haur\u00e0s de portar el comunicat de baixa immediatament.<\/li>\n<li>Complir totes les normes de l&#8217;empresa usu\u00e0ria per al lloc de treball assignat. En el lloc de treball i durant l&#8217;horari laboral, no est\u00e0 perm\u00e8s menjar ni fumar.<\/li>\n<li>En el moment de la finalitzaci\u00f3 del servei has de posar-te en contacte amb BARNA LABOR.<\/li>\n<li>Si decideixes deixar el treball volunt\u00e0riament, has de notificar-lo per escrit amb una antelaci\u00f3 m\u00ednima d&#8217;una setmana. En cas contrari, el retard ser\u00e0 descomptat del salari final.<\/li>\n<\/ol>\n<p>* Els treballadors de BARNA LABOR estan subjectes a la Ley14\/1994 d&#8217;1 de juny d&#8217;empreses de treball temporal.<\/p>\n<\/div><\/div><\/div><\/div><\/div>\n","protected":false},"excerpt":{"rendered":"","protected":false},"author":1,"featured_media":0,"parent":0,"menu_order":0,"comment_status":"closed","ping_status":"closed","template":"","meta":{"footnotes":""},"class_list":["post-276","page","type-page","status-publish","hentry"],"yoast_head":"<!-- This site is optimized with the Yoast SEO plugin v27.4 - https:\/\/yoast.com\/product\/yoast-seo-wordpress\/ -->\n<title>El que has de saber - Barna Labor SL<\/title>\n<meta name=\"description\" content=\"BARNA LABOR: La teva empresa per a un desenvolupament laboral reeixit. Drets, salari just, obligacions clares. Uneix-te i creix professionalment.\" \/>\n<meta name=\"robots\" content=\"index, follow, max-snippet:-1, max-image-preview:large, max-video-preview:-1\" \/>\n<link rel=\"canonical\" href=\"https:\/\/barnalabor.es\/ca\/el-que-has-de-saber\/\" \/>\n<meta property=\"og:locale\" content=\"ca_ES\" \/>\n<meta property=\"og:type\" content=\"article\" \/>\n<meta property=\"og:title\" content=\"El que has de saber - Barna Labor SL\" \/>\n<meta property=\"og:description\" content=\"BARNA LABOR: La teva empresa per a un desenvolupament laboral reeixit. Drets, salari just, obligacions clares. Uneix-te i creix professionalment.\" \/>\n<meta property=\"og:url\" content=\"https:\/\/barnalabor.es\/ca\/el-que-has-de-saber\/\" \/>\n<meta property=\"og:site_name\" content=\"Barna Labor SL\" \/>\n<meta property=\"article:modified_time\" content=\"2024-01-26T11:12:08+00:00\" \/>\n<meta name=\"twitter:card\" content=\"summary_large_image\" \/>\n<meta name=\"twitter:label1\" content=\"Temps estimat de lectura\" \/>\n\t<meta name=\"twitter:data1\" content=\"13 minuts\" \/>\n<script type=\"application\/ld+json\" class=\"yoast-schema-graph\">{\"@context\":\"https:\\\/\\\/schema.org\",\"@graph\":[{\"@type\":\"WebPage\",\"@id\":\"https:\\\/\\\/barnalabor.es\\\/ca\\\/el-que-has-de-saber\\\/\",\"url\":\"https:\\\/\\\/barnalabor.es\\\/ca\\\/el-que-has-de-saber\\\/\",\"name\":\"El que has de saber - Barna Labor SL\",\"isPartOf\":{\"@id\":\"https:\\\/\\\/barnalabor.es\\\/#website\"},\"datePublished\":\"2024-01-26T08:19:46+00:00\",\"dateModified\":\"2024-01-26T11:12:08+00:00\",\"description\":\"BARNA LABOR: La teva empresa per a un desenvolupament laboral reeixit. Drets, salari just, obligacions clares. Uneix-te i creix professionalment.\",\"breadcrumb\":{\"@id\":\"https:\\\/\\\/barnalabor.es\\\/ca\\\/el-que-has-de-saber\\\/#breadcrumb\"},\"inLanguage\":\"ca\",\"potentialAction\":[{\"@type\":\"ReadAction\",\"target\":[\"https:\\\/\\\/barnalabor.es\\\/ca\\\/el-que-has-de-saber\\\/\"]}]},{\"@type\":\"BreadcrumbList\",\"@id\":\"https:\\\/\\\/barnalabor.es\\\/ca\\\/el-que-has-de-saber\\\/#breadcrumb\",\"itemListElement\":[{\"@type\":\"ListItem\",\"position\":1,\"name\":\"Portada\",\"item\":\"https:\\\/\\\/barnalabor.es\\\/ca\\\/\"},{\"@type\":\"ListItem\",\"position\":2,\"name\":\"El que has de saber\"}]},{\"@type\":\"WebSite\",\"@id\":\"https:\\\/\\\/barnalabor.es\\\/#website\",\"url\":\"https:\\\/\\\/barnalabor.es\\\/\",\"name\":\"Barna Labor SL\",\"description\":\"Just another WordPress site\",\"potentialAction\":[{\"@type\":\"SearchAction\",\"target\":{\"@type\":\"EntryPoint\",\"urlTemplate\":\"https:\\\/\\\/barnalabor.es\\\/?s={search_term_string}\"},\"query-input\":{\"@type\":\"PropertyValueSpecification\",\"valueRequired\":true,\"valueName\":\"search_term_string\"}}],\"inLanguage\":\"ca\"}]}<\/script>\n<!-- \/ Yoast SEO plugin. -->","yoast_head_json":{"title":"El que has de saber - Barna Labor SL","description":"BARNA LABOR: La teva empresa per a un desenvolupament laboral reeixit. Drets, salari just, obligacions clares. Uneix-te i creix professionalment.","robots":{"index":"index","follow":"follow","max-snippet":"max-snippet:-1","max-image-preview":"max-image-preview:large","max-video-preview":"max-video-preview:-1"},"canonical":"https:\/\/barnalabor.es\/ca\/el-que-has-de-saber\/","og_locale":"ca_ES","og_type":"article","og_title":"El que has de saber - Barna Labor SL","og_description":"BARNA LABOR: La teva empresa per a un desenvolupament laboral reeixit. Drets, salari just, obligacions clares. Uneix-te i creix professionalment.","og_url":"https:\/\/barnalabor.es\/ca\/el-que-has-de-saber\/","og_site_name":"Barna Labor SL","article_modified_time":"2024-01-26T11:12:08+00:00","twitter_card":"summary_large_image","twitter_misc":{"Temps estimat de lectura":"13 minuts"},"schema":{"@context":"https:\/\/schema.org","@graph":[{"@type":"WebPage","@id":"https:\/\/barnalabor.es\/ca\/el-que-has-de-saber\/","url":"https:\/\/barnalabor.es\/ca\/el-que-has-de-saber\/","name":"El que has de saber - Barna Labor SL","isPartOf":{"@id":"https:\/\/barnalabor.es\/#website"},"datePublished":"2024-01-26T08:19:46+00:00","dateModified":"2024-01-26T11:12:08+00:00","description":"BARNA LABOR: La teva empresa per a un desenvolupament laboral reeixit. Drets, salari just, obligacions clares. Uneix-te i creix professionalment.","breadcrumb":{"@id":"https:\/\/barnalabor.es\/ca\/el-que-has-de-saber\/#breadcrumb"},"inLanguage":"ca","potentialAction":[{"@type":"ReadAction","target":["https:\/\/barnalabor.es\/ca\/el-que-has-de-saber\/"]}]},{"@type":"BreadcrumbList","@id":"https:\/\/barnalabor.es\/ca\/el-que-has-de-saber\/#breadcrumb","itemListElement":[{"@type":"ListItem","position":1,"name":"Portada","item":"https:\/\/barnalabor.es\/ca\/"},{"@type":"ListItem","position":2,"name":"El que has de saber"}]},{"@type":"WebSite","@id":"https:\/\/barnalabor.es\/#website","url":"https:\/\/barnalabor.es\/","name":"Barna Labor SL","description":"Just another WordPress site","potentialAction":[{"@type":"SearchAction","target":{"@type":"EntryPoint","urlTemplate":"https:\/\/barnalabor.es\/?s={search_term_string}"},"query-input":{"@type":"PropertyValueSpecification","valueRequired":true,"valueName":"search_term_string"}}],"inLanguage":"ca"}]}},"_links":{"self":[{"href":"https:\/\/barnalabor.es\/ca\/wp-json\/wp\/v2\/pages\/276","targetHints":{"allow":["GET"]}}],"collection":[{"href":"https:\/\/barnalabor.es\/ca\/wp-json\/wp\/v2\/pages"}],"about":[{"href":"https:\/\/barnalabor.es\/ca\/wp-json\/wp\/v2\/types\/page"}],"author":[{"embeddable":true,"href":"https:\/\/barnalabor.es\/ca\/wp-json\/wp\/v2\/users\/1"}],"replies":[{"embeddable":true,"href":"https:\/\/barnalabor.es\/ca\/wp-json\/wp\/v2\/comments?post=276"}],"version-history":[{"count":2,"href":"https:\/\/barnalabor.es\/ca\/wp-json\/wp\/v2\/pages\/276\/revisions"}],"predecessor-version":[{"id":278,"href":"https:\/\/barnalabor.es\/ca\/wp-json\/wp\/v2\/pages\/276\/revisions\/278"}],"wp:attachment":[{"href":"https:\/\/barnalabor.es\/ca\/wp-json\/wp\/v2\/media?parent=276"}],"curies":[{"name":"wp","href":"https:\/\/api.w.org\/{rel}","templated":true}]}}