{"id":261,"date":"2024-01-25T11:30:35","date_gmt":"2024-01-25T11:30:35","guid":{"rendered":"https:\/\/barnalabor.nbgroup.es\/on-estem\/"},"modified":"2024-01-26T11:00:44","modified_gmt":"2024-01-26T11:00:44","slug":"on-estem","status":"publish","type":"page","link":"https:\/\/barnalabor.es\/ca\/on-estem\/","title":{"rendered":"On estem"},"content":{"rendered":"<div class=\"fusion-fullwidth fullwidth-box fusion-builder-row-1 fusion-flex-container has-pattern-background has-mask-background nonhundred-percent-fullwidth non-hundred-percent-height-scrolling fusion-custom-z-index\" style=\"--awb-border-radius-top-left:0px;--awb-border-radius-top-right:0px;--awb-border-radius-bottom-right:0px;--awb-border-radius-bottom-left:0px;--awb-z-index:1;--awb-flex-wrap:wrap;\" ><div class=\"fusion-builder-row fusion-row fusion-flex-align-items-flex-start fusion-flex-content-wrap\" style=\"max-width:1248px;margin-left: calc(-4% \/ 2 );margin-right: calc(-4% \/ 2 );\"><div class=\"fusion-layout-column fusion_builder_column fusion-builder-column-0 fusion_builder_column_1_1 1_1 fusion-flex-column\" style=\"--awb-padding-top:10px;--awb-padding-right:10px;--awb-padding-bottom:10px;--awb-padding-left:10px;--awb-overflow:hidden;--awb-bg-color:#f9f9fb;--awb-bg-color-hover:#f9f9fb;--awb-bg-size:cover;--awb-border-radius:5px 5px 5px 5px;--awb-width-large:100%;--awb-margin-top-large:0px;--awb-spacing-right-large:1.92%;--awb-margin-bottom-large:20px;--awb-spacing-left-large:1.92%;--awb-width-medium:100%;--awb-order-medium:0;--awb-spacing-right-medium:1.92%;--awb-spacing-left-medium:1.92%;--awb-width-small:100%;--awb-order-small:0;--awb-spacing-right-small:1.92%;--awb-spacing-left-small:1.92%;\" data-motion-effects=\"[{&quot;type&quot;:&quot;&quot;,&quot;scroll_type&quot;:&quot;transition&quot;,&quot;scroll_direction&quot;:&quot;up&quot;,&quot;transition_speed&quot;:&quot;1&quot;,&quot;fade_type&quot;:&quot;in&quot;,&quot;scale_type&quot;:&quot;up&quot;,&quot;initial_scale&quot;:&quot;1&quot;,&quot;max_scale&quot;:&quot;1.5&quot;,&quot;min_scale&quot;:&quot;0.5&quot;,&quot;initial_rotate&quot;:&quot;0&quot;,&quot;end_rotate&quot;:&quot;30&quot;,&quot;initial_blur&quot;:&quot;0&quot;,&quot;end_blur&quot;:&quot;3&quot;,&quot;start_element&quot;:&quot;top&quot;,&quot;start_viewport&quot;:&quot;bottom&quot;,&quot;end_element&quot;:&quot;bottom&quot;,&quot;end_viewport&quot;:&quot;top&quot;,&quot;mouse_effect&quot;:&quot;track&quot;,&quot;mouse_effect_direction&quot;:&quot;opposite&quot;,&quot;mouse_effect_speed&quot;:&quot;2&quot;,&quot;infinite_animation&quot;:&quot;float&quot;,&quot;infinite_animation_speed&quot;:&quot;2&quot;}]\" data-scroll-devices=\"small-visibility,medium-visibility,large-visibility\"><div class=\"fusion-column-wrapper fusion-column-has-shadow fusion-flex-justify-content-flex-start fusion-content-layout-column\"><nav class=\"fusion-breadcrumbs awb-yoast-breadcrumbs fusion-breadcrumbs-1\" style=\"--awb-breadcrumb-sep:&#039;\/&#039;;\" aria-label=\"Breadcrumb\"><span><span><a href=\"https:\/\/barnalabor.es\/ca\/\">Portada<\/a><\/span><\/span><\/nav><\/div><\/div><div class=\"fusion-layout-column fusion_builder_column fusion-builder-column-1 fusion_builder_column_1_1 1_1 fusion-flex-column\" style=\"--awb-bg-size:cover;--awb-width-large:100%;--awb-margin-top-large:20px;--awb-spacing-right-large:1.92%;--awb-margin-bottom-large:20px;--awb-spacing-left-large:1.92%;--awb-width-medium:100%;--awb-order-medium:0;--awb-spacing-right-medium:1.92%;--awb-spacing-left-medium:1.92%;--awb-width-small:100%;--awb-order-small:0;--awb-spacing-right-small:1.92%;--awb-spacing-left-small:1.92%;\" data-motion-effects=\"[{&quot;type&quot;:&quot;&quot;,&quot;scroll_type&quot;:&quot;transition&quot;,&quot;scroll_direction&quot;:&quot;up&quot;,&quot;transition_speed&quot;:&quot;1&quot;,&quot;fade_type&quot;:&quot;in&quot;,&quot;scale_type&quot;:&quot;up&quot;,&quot;initial_scale&quot;:&quot;1&quot;,&quot;max_scale&quot;:&quot;1.5&quot;,&quot;min_scale&quot;:&quot;0.5&quot;,&quot;initial_rotate&quot;:&quot;0&quot;,&quot;end_rotate&quot;:&quot;30&quot;,&quot;initial_blur&quot;:&quot;0&quot;,&quot;end_blur&quot;:&quot;3&quot;,&quot;start_element&quot;:&quot;top&quot;,&quot;start_viewport&quot;:&quot;bottom&quot;,&quot;end_element&quot;:&quot;bottom&quot;,&quot;end_viewport&quot;:&quot;top&quot;,&quot;mouse_effect&quot;:&quot;track&quot;,&quot;mouse_effect_direction&quot;:&quot;opposite&quot;,&quot;mouse_effect_speed&quot;:&quot;2&quot;,&quot;infinite_animation&quot;:&quot;float&quot;,&quot;infinite_animation_speed&quot;:&quot;2&quot;}]\" data-scroll-devices=\"small-visibility,medium-visibility,large-visibility\"><div class=\"fusion-column-wrapper fusion-column-has-shadow fusion-flex-justify-content-flex-start fusion-content-layout-column\"><div class=\"fusion-title title fusion-title-1 fusion-sep-none fusion-title-text fusion-title-size-four\" style=\"--awb-text-color:var(--awb-custom_color_1);\"><h4 class=\"fusion-title-heading title-heading-left\" style=\"margin:0;letter-spacing:0px;line-height:0px;\">On estem<\/h4><\/div><div class=\"fusion-title title fusion-title-2 fusion-sep-none fusion-title-text fusion-title-size-six\" style=\"--awb-text-color:var(--awb-custom_color_2);\"><h6 class=\"fusion-title-heading title-heading-left\" style=\"font-family:&quot;Inter&quot;;font-style:normal;font-weight:700;margin:0;letter-spacing:0px;line-height:0px;\"><h4>MOLT A PROP DE VOST\u00c8<\/h4><\/h6><\/div><div class=\"fusion-text fusion-text-1\" style=\"--awb-line-height:0px;--awb-letter-spacing:0px;\"><p>BARNA LABOR opera a les comarques del Baix Llobregat, amb oficines en:<\/p>\n<\/div><div class=\"fusion-text fusion-text-2\" style=\"--awb-font-size:20px;--awb-line-height:10px;--awb-text-color:var(--awb-custom_color_1);--awb-margin-top:20px;\"><p>Martorell<\/p>\n<\/div><div class=\"fusion-builder-row fusion-builder-row-inner fusion-row fusion-flex-align-items-flex-start fusion-flex-content-wrap\" style=\"width:104% !important;max-width:104% !important;margin-left: calc(-4% \/ 2 );margin-right: calc(-4% \/ 2 );\"><div class=\"fusion-layout-column fusion_builder_column_inner fusion-builder-nested-column-0 fusion_builder_column_inner_1_3 1_3 fusion-flex-column\" style=\"--awb-bg-size:cover;--awb-width-large:33.333333333333%;--awb-margin-top-large:0px;--awb-spacing-right-large:5.76%;--awb-margin-bottom-large:20px;--awb-spacing-left-large:5.76%;--awb-width-medium:33.333333333333%;--awb-order-medium:0;--awb-spacing-right-medium:5.76%;--awb-spacing-left-medium:5.76%;--awb-width-small:100%;--awb-order-small:0;--awb-spacing-right-small:1.92%;--awb-spacing-left-small:1.92%;\"><div class=\"fusion-column-wrapper fusion-column-has-shadow fusion-flex-justify-content-flex-start fusion-content-layout-column\"><div class=\"fusion-image-element \" style=\"--awb-max-width:100%;--awb-caption-title-font-family:var(--h2_typography-font-family);--awb-caption-title-font-weight:var(--h2_typography-font-weight);--awb-caption-title-font-style:var(--h2_typography-font-style);--awb-caption-title-size:var(--h2_typography-font-size);--awb-caption-title-transform:var(--h2_typography-text-transform);--awb-caption-title-line-height:var(--h2_typography-line-height);--awb-caption-title-letter-spacing:var(--h2_typography-letter-spacing);\"><span class=\" fusion-imageframe imageframe-none imageframe-1 hover-type-none\"><img decoding=\"async\" width=\"500\" height=\"299\" title=\"martorell\" src=\"https:\/\/barnalabor.nbgroup.es\/wp-content\/uploads\/2024\/01\/martorell.png\" alt class=\"img-responsive wp-image-250\" srcset=\"https:\/\/barnalabor.es\/wp-content\/uploads\/2024\/01\/martorell-200x120.png 200w, https:\/\/barnalabor.es\/wp-content\/uploads\/2024\/01\/martorell-400x239.png 400w, https:\/\/barnalabor.es\/wp-content\/uploads\/2024\/01\/martorell.png 500w\" sizes=\"(max-width: 640px) 100vw, 400px\" \/><\/span><\/div><\/div><\/div><div class=\"fusion-layout-column fusion_builder_column_inner fusion-builder-nested-column-1 fusion_builder_column_inner_1_4 1_4 fusion-flex-column\" style=\"--awb-bg-size:cover;--awb-width-large:25%;--awb-margin-top-large:0px;--awb-spacing-right-large:7.68%;--awb-margin-bottom-large:20px;--awb-spacing-left-large:7.68%;--awb-width-medium:25%;--awb-order-medium:0;--awb-spacing-right-medium:7.68%;--awb-spacing-left-medium:7.68%;--awb-width-small:100%;--awb-order-small:0;--awb-spacing-right-small:1.92%;--awb-spacing-left-small:1.92%;\"><div class=\"fusion-column-wrapper fusion-column-has-shadow fusion-flex-justify-content-flex-start fusion-content-layout-column\"><div class=\"fusion-text fusion-text-3\" style=\"--awb-line-height:20px;\"><p>Avda. Francesc Riera, 5-7<br \/>\n08760 Martorell<br \/>\nTel: 93 776 64 70<br \/>\nFax: 93 776 64 71<br \/>\n<a href=\"mailto:%20martorell@barnalabor.es\">martorell@barnalabor.es<\/a><\/p>\n<p><a href=\"http:\/\/maps.google.es\/maps?f=q&amp;hl=es&amp;q=Avinguda+de+Francesc+Riera,+5,+08760,+Martorell,+Barcelona,+Catalu%C3%B1a,+Espa%C3%B1a&amp;ie=UTF8&amp;om=1\" target=\"_blank\" rel=\"noopener\">Com arribar<\/a><\/p>\n<\/div><\/div><\/div><\/div><div class=\"fusion-text fusion-text-4\" style=\"--awb-font-size:20px;--awb-line-height:10px;--awb-text-color:var(--awb-custom_color_1);\"><p>Esparragera<\/p>\n<\/div><div class=\"fusion-builder-row fusion-builder-row-inner fusion-row fusion-flex-align-items-flex-start fusion-flex-content-wrap\" style=\"width:104% !important;max-width:104% !important;margin-left: calc(-4% \/ 2 );margin-right: calc(-4% \/ 2 );\"><div class=\"fusion-layout-column fusion_builder_column_inner fusion-builder-nested-column-2 fusion_builder_column_inner_1_3 1_3 fusion-flex-column\" style=\"--awb-bg-size:cover;--awb-width-large:33.333333333333%;--awb-margin-top-large:0px;--awb-spacing-right-large:5.76%;--awb-margin-bottom-large:20px;--awb-spacing-left-large:5.76%;--awb-width-medium:33.333333333333%;--awb-order-medium:0;--awb-spacing-right-medium:5.76%;--awb-spacing-left-medium:5.76%;--awb-width-small:100%;--awb-order-small:0;--awb-spacing-right-small:1.92%;--awb-spacing-left-small:1.92%;\"><div class=\"fusion-column-wrapper fusion-column-has-shadow fusion-flex-justify-content-flex-start fusion-content-layout-column\"><div class=\"fusion-image-element \" style=\"--awb-max-width:100%;--awb-caption-title-font-family:var(--h2_typography-font-family);--awb-caption-title-font-weight:var(--h2_typography-font-weight);--awb-caption-title-font-style:var(--h2_typography-font-style);--awb-caption-title-size:var(--h2_typography-font-size);--awb-caption-title-transform:var(--h2_typography-text-transform);--awb-caption-title-line-height:var(--h2_typography-line-height);--awb-caption-title-letter-spacing:var(--h2_typography-letter-spacing);\"><span class=\" fusion-imageframe imageframe-none imageframe-2 hover-type-none\"><img decoding=\"async\" width=\"500\" height=\"277\" title=\"esparreguera\" src=\"https:\/\/barnalabor.nbgroup.es\/wp-content\/uploads\/2024\/01\/esparreguera.png\" alt class=\"img-responsive wp-image-251\" srcset=\"https:\/\/barnalabor.es\/wp-content\/uploads\/2024\/01\/esparreguera-200x111.png 200w, https:\/\/barnalabor.es\/wp-content\/uploads\/2024\/01\/esparreguera-400x222.png 400w, https:\/\/barnalabor.es\/wp-content\/uploads\/2024\/01\/esparreguera.png 500w\" sizes=\"(max-width: 640px) 100vw, 400px\" \/><\/span><\/div><\/div><\/div><div class=\"fusion-layout-column fusion_builder_column_inner fusion-builder-nested-column-3 fusion_builder_column_inner_1_4 1_4 fusion-flex-column\" style=\"--awb-bg-size:cover;--awb-width-large:25%;--awb-margin-top-large:0px;--awb-spacing-right-large:7.68%;--awb-margin-bottom-large:20px;--awb-spacing-left-large:7.68%;--awb-width-medium:25%;--awb-order-medium:0;--awb-spacing-right-medium:7.68%;--awb-spacing-left-medium:7.68%;--awb-width-small:100%;--awb-order-small:0;--awb-spacing-right-small:1.92%;--awb-spacing-left-small:1.92%;\"><div class=\"fusion-column-wrapper fusion-column-has-shadow fusion-flex-justify-content-flex-start fusion-content-layout-column\"><div class=\"fusion-text fusion-text-5\" style=\"--awb-line-height:20px;\"><p>Avda. Francesc Macia, 231<br \/>\n08292 Esparreguera<br \/>\nTel: 93 777 40 40<br \/>\nFax: 93 777 44 47<br \/>\n<a href=\"mailto:%20esparreguera@barnalabor.es\">esparreguera@barnalabor.es<\/a><\/p>\n<p><a href=\"http:\/\/maps.google.es\/maps?f=q&amp;hl=es&amp;q=Avenida+de+Francesc+Maci%C3%A0,+231,+08292,+Esparreguera,+Barcelona,+Catalu%C3%B1a,+Espa%C3%B1a&amp;ie=UTF8&amp;om=1\" target=\"_blank\" rel=\"noopener\">Com arribar<\/a><\/p>\n<\/div><\/div><\/div><\/div><div class=\"fusion-text fusion-text-6\" style=\"--awb-line-height:0px;--awb-letter-spacing:0px;\"><div class=\"row\">\n<div class=\"col-md-12 mt10\">\n<p>Per a qualsevol dubte o suggeriment, posi&#8217;s en contacte amb nosaltres a trav\u00e9s de la seg\u00fcent adre\u00e7a: <a class=\"lnk\" href=\"mailto:%20info@barnalabor.es\">info@barnalabor.es<\/a><\/p>\n<\/div>\n<\/div>\n<\/div><\/div><\/div><\/div><\/div>\n","protected":false},"excerpt":{"rendered":"","protected":false},"author":1,"featured_media":0,"parent":0,"menu_order":0,"comment_status":"closed","ping_status":"closed","template":"","meta":{"footnotes":""},"class_list":["post-261","page","type-page","status-publish","hentry"],"yoast_head":"<!-- This site is optimized with the Yoast SEO plugin v27.4 - https:\/\/yoast.com\/product\/yoast-seo-wordpress\/ -->\n<title>On estem - Barna Labor SL<\/title>\n<meta name=\"description\" content=\"Trobi&#039;ns f\u00e0cilment en BARNA LABOR, prop de vost\u00e8 a les comarques del Baix Llobregat, amb oficines a Martorell i Esparreguera.\" \/>\n<meta name=\"robots\" content=\"index, follow, max-snippet:-1, max-image-preview:large, max-video-preview:-1\" \/>\n<link rel=\"canonical\" href=\"https:\/\/barnalabor.es\/ca\/on-estem\/\" \/>\n<meta property=\"og:locale\" content=\"ca_ES\" \/>\n<meta property=\"og:type\" content=\"article\" \/>\n<meta property=\"og:title\" content=\"On estem - Barna Labor SL\" \/>\n<meta property=\"og:description\" content=\"Trobi&#039;ns f\u00e0cilment en BARNA LABOR, prop de vost\u00e8 a les comarques del Baix Llobregat, amb oficines a Martorell i Esparreguera.\" \/>\n<meta property=\"og:url\" content=\"https:\/\/barnalabor.es\/ca\/on-estem\/\" \/>\n<meta property=\"og:site_name\" content=\"Barna Labor SL\" \/>\n<meta property=\"article:modified_time\" content=\"2024-01-26T11:00:44+00:00\" \/>\n<meta name=\"twitter:card\" content=\"summary_large_image\" \/>\n<meta name=\"twitter:label1\" content=\"Temps estimat de lectura\" \/>\n\t<meta name=\"twitter:data1\" content=\"24 minuts\" \/>\n<script type=\"application\/ld+json\" class=\"yoast-schema-graph\">{\"@context\":\"https:\\\/\\\/schema.org\",\"@graph\":[{\"@type\":\"WebPage\",\"@id\":\"https:\\\/\\\/barnalabor.es\\\/ca\\\/on-estem\\\/\",\"url\":\"https:\\\/\\\/barnalabor.es\\\/ca\\\/on-estem\\\/\",\"name\":\"On estem - Barna Labor SL\",\"isPartOf\":{\"@id\":\"https:\\\/\\\/barnalabor.es\\\/#website\"},\"datePublished\":\"2024-01-25T11:30:35+00:00\",\"dateModified\":\"2024-01-26T11:00:44+00:00\",\"description\":\"Trobi'ns f\u00e0cilment en BARNA LABOR, prop de vost\u00e8 a les comarques del Baix Llobregat, amb oficines a Martorell i Esparreguera.\",\"breadcrumb\":{\"@id\":\"https:\\\/\\\/barnalabor.es\\\/ca\\\/on-estem\\\/#breadcrumb\"},\"inLanguage\":\"ca\",\"potentialAction\":[{\"@type\":\"ReadAction\",\"target\":[\"https:\\\/\\\/barnalabor.es\\\/ca\\\/on-estem\\\/\"]}]},{\"@type\":\"BreadcrumbList\",\"@id\":\"https:\\\/\\\/barnalabor.es\\\/ca\\\/on-estem\\\/#breadcrumb\",\"itemListElement\":[{\"@type\":\"ListItem\",\"position\":1,\"name\":\"Portada\",\"item\":\"https:\\\/\\\/barnalabor.es\\\/ca\\\/\"},{\"@type\":\"ListItem\",\"position\":2,\"name\":\"On estem\"}]},{\"@type\":\"WebSite\",\"@id\":\"https:\\\/\\\/barnalabor.es\\\/#website\",\"url\":\"https:\\\/\\\/barnalabor.es\\\/\",\"name\":\"Barna Labor SL\",\"description\":\"Just another WordPress site\",\"potentialAction\":[{\"@type\":\"SearchAction\",\"target\":{\"@type\":\"EntryPoint\",\"urlTemplate\":\"https:\\\/\\\/barnalabor.es\\\/?s={search_term_string}\"},\"query-input\":{\"@type\":\"PropertyValueSpecification\",\"valueRequired\":true,\"valueName\":\"search_term_string\"}}],\"inLanguage\":\"ca\"}]}<\/script>\n<!-- \/ Yoast SEO plugin. -->","yoast_head_json":{"title":"On estem - Barna Labor SL","description":"Trobi'ns f\u00e0cilment en BARNA LABOR, prop de vost\u00e8 a les comarques del Baix Llobregat, amb oficines a Martorell i Esparreguera.","robots":{"index":"index","follow":"follow","max-snippet":"max-snippet:-1","max-image-preview":"max-image-preview:large","max-video-preview":"max-video-preview:-1"},"canonical":"https:\/\/barnalabor.es\/ca\/on-estem\/","og_locale":"ca_ES","og_type":"article","og_title":"On estem - Barna Labor SL","og_description":"Trobi'ns f\u00e0cilment en BARNA LABOR, prop de vost\u00e8 a les comarques del Baix Llobregat, amb oficines a Martorell i Esparreguera.","og_url":"https:\/\/barnalabor.es\/ca\/on-estem\/","og_site_name":"Barna Labor SL","article_modified_time":"2024-01-26T11:00:44+00:00","twitter_card":"summary_large_image","twitter_misc":{"Temps estimat de lectura":"24 minuts"},"schema":{"@context":"https:\/\/schema.org","@graph":[{"@type":"WebPage","@id":"https:\/\/barnalabor.es\/ca\/on-estem\/","url":"https:\/\/barnalabor.es\/ca\/on-estem\/","name":"On estem - Barna Labor SL","isPartOf":{"@id":"https:\/\/barnalabor.es\/#website"},"datePublished":"2024-01-25T11:30:35+00:00","dateModified":"2024-01-26T11:00:44+00:00","description":"Trobi'ns f\u00e0cilment en BARNA LABOR, prop de vost\u00e8 a les comarques del Baix Llobregat, amb oficines a Martorell i Esparreguera.","breadcrumb":{"@id":"https:\/\/barnalabor.es\/ca\/on-estem\/#breadcrumb"},"inLanguage":"ca","potentialAction":[{"@type":"ReadAction","target":["https:\/\/barnalabor.es\/ca\/on-estem\/"]}]},{"@type":"BreadcrumbList","@id":"https:\/\/barnalabor.es\/ca\/on-estem\/#breadcrumb","itemListElement":[{"@type":"ListItem","position":1,"name":"Portada","item":"https:\/\/barnalabor.es\/ca\/"},{"@type":"ListItem","position":2,"name":"On estem"}]},{"@type":"WebSite","@id":"https:\/\/barnalabor.es\/#website","url":"https:\/\/barnalabor.es\/","name":"Barna Labor SL","description":"Just another WordPress site","potentialAction":[{"@type":"SearchAction","target":{"@type":"EntryPoint","urlTemplate":"https:\/\/barnalabor.es\/?s={search_term_string}"},"query-input":{"@type":"PropertyValueSpecification","valueRequired":true,"valueName":"search_term_string"}}],"inLanguage":"ca"}]}},"_links":{"self":[{"href":"https:\/\/barnalabor.es\/ca\/wp-json\/wp\/v2\/pages\/261","targetHints":{"allow":["GET"]}}],"collection":[{"href":"https:\/\/barnalabor.es\/ca\/wp-json\/wp\/v2\/pages"}],"about":[{"href":"https:\/\/barnalabor.es\/ca\/wp-json\/wp\/v2\/types\/page"}],"author":[{"embeddable":true,"href":"https:\/\/barnalabor.es\/ca\/wp-json\/wp\/v2\/users\/1"}],"replies":[{"embeddable":true,"href":"https:\/\/barnalabor.es\/ca\/wp-json\/wp\/v2\/comments?post=261"}],"version-history":[{"count":2,"href":"https:\/\/barnalabor.es\/ca\/wp-json\/wp\/v2\/pages\/261\/revisions"}],"predecessor-version":[{"id":263,"href":"https:\/\/barnalabor.es\/ca\/wp-json\/wp\/v2\/pages\/261\/revisions\/263"}],"wp:attachment":[{"href":"https:\/\/barnalabor.es\/ca\/wp-json\/wp\/v2\/media?parent=261"}],"curies":[{"name":"wp","href":"https:\/\/api.w.org\/{rel}","templated":true}]}}