{"id":258,"date":"2024-01-25T11:11:53","date_gmt":"2024-01-25T11:11:53","guid":{"rendered":"https:\/\/barnalabor.nbgroup.es\/el-nostre-compromis\/"},"modified":"2024-01-26T10:59:13","modified_gmt":"2024-01-26T10:59:13","slug":"el-nostre-compromis","status":"publish","type":"page","link":"https:\/\/barnalabor.es\/ca\/el-nostre-compromis\/","title":{"rendered":"El nostre comprom\u00eds"},"content":{"rendered":"<div class=\"fusion-fullwidth fullwidth-box fusion-builder-row-1 fusion-flex-container has-pattern-background has-mask-background nonhundred-percent-fullwidth non-hundred-percent-height-scrolling fusion-custom-z-index\" style=\"--awb-border-radius-top-left:0px;--awb-border-radius-top-right:0px;--awb-border-radius-bottom-right:0px;--awb-border-radius-bottom-left:0px;--awb-z-index:1;--awb-flex-wrap:wrap;\" ><div class=\"fusion-builder-row fusion-row fusion-flex-align-items-flex-start fusion-flex-content-wrap\" style=\"max-width:1248px;margin-left: calc(-4% \/ 2 );margin-right: calc(-4% \/ 2 );\"><div class=\"fusion-layout-column fusion_builder_column fusion-builder-column-0 fusion_builder_column_1_1 1_1 fusion-flex-column\" style=\"--awb-padding-top:10px;--awb-padding-right:10px;--awb-padding-bottom:10px;--awb-padding-left:10px;--awb-overflow:hidden;--awb-bg-color:#f9f9fb;--awb-bg-color-hover:#f9f9fb;--awb-bg-size:cover;--awb-border-radius:5px 5px 5px 5px;--awb-width-large:100%;--awb-margin-top-large:0px;--awb-spacing-right-large:1.92%;--awb-margin-bottom-large:20px;--awb-spacing-left-large:1.92%;--awb-width-medium:100%;--awb-order-medium:0;--awb-spacing-right-medium:1.92%;--awb-spacing-left-medium:1.92%;--awb-width-small:100%;--awb-order-small:0;--awb-spacing-right-small:1.92%;--awb-spacing-left-small:1.92%;\" data-motion-effects=\"[{&quot;type&quot;:&quot;&quot;,&quot;scroll_type&quot;:&quot;transition&quot;,&quot;scroll_direction&quot;:&quot;up&quot;,&quot;transition_speed&quot;:&quot;1&quot;,&quot;fade_type&quot;:&quot;in&quot;,&quot;scale_type&quot;:&quot;up&quot;,&quot;initial_scale&quot;:&quot;1&quot;,&quot;max_scale&quot;:&quot;1.5&quot;,&quot;min_scale&quot;:&quot;0.5&quot;,&quot;initial_rotate&quot;:&quot;0&quot;,&quot;end_rotate&quot;:&quot;30&quot;,&quot;initial_blur&quot;:&quot;0&quot;,&quot;end_blur&quot;:&quot;3&quot;,&quot;start_element&quot;:&quot;top&quot;,&quot;start_viewport&quot;:&quot;bottom&quot;,&quot;end_element&quot;:&quot;bottom&quot;,&quot;end_viewport&quot;:&quot;top&quot;,&quot;mouse_effect&quot;:&quot;track&quot;,&quot;mouse_effect_direction&quot;:&quot;opposite&quot;,&quot;mouse_effect_speed&quot;:&quot;2&quot;,&quot;infinite_animation&quot;:&quot;float&quot;,&quot;infinite_animation_speed&quot;:&quot;2&quot;}]\" data-scroll-devices=\"small-visibility,medium-visibility,large-visibility\"><div class=\"fusion-column-wrapper fusion-column-has-shadow fusion-flex-justify-content-flex-start fusion-content-layout-column\"><nav class=\"fusion-breadcrumbs awb-yoast-breadcrumbs fusion-breadcrumbs-1\" style=\"--awb-breadcrumb-sep:&#039;\/&#039;;\" aria-label=\"Breadcrumb\"><span><span><a href=\"https:\/\/barnalabor.es\/ca\/\">Portada<\/a><\/span><\/span><\/nav><\/div><\/div><div class=\"fusion-layout-column fusion_builder_column fusion-builder-column-1 fusion_builder_column_1_1 1_1 fusion-flex-column\" style=\"--awb-bg-size:cover;--awb-width-large:100%;--awb-margin-top-large:20px;--awb-spacing-right-large:1.92%;--awb-margin-bottom-large:20px;--awb-spacing-left-large:1.92%;--awb-width-medium:100%;--awb-order-medium:0;--awb-spacing-right-medium:1.92%;--awb-spacing-left-medium:1.92%;--awb-width-small:100%;--awb-order-small:0;--awb-spacing-right-small:1.92%;--awb-spacing-left-small:1.92%;\" data-motion-effects=\"[{&quot;type&quot;:&quot;&quot;,&quot;scroll_type&quot;:&quot;transition&quot;,&quot;scroll_direction&quot;:&quot;up&quot;,&quot;transition_speed&quot;:&quot;1&quot;,&quot;fade_type&quot;:&quot;in&quot;,&quot;scale_type&quot;:&quot;up&quot;,&quot;initial_scale&quot;:&quot;1&quot;,&quot;max_scale&quot;:&quot;1.5&quot;,&quot;min_scale&quot;:&quot;0.5&quot;,&quot;initial_rotate&quot;:&quot;0&quot;,&quot;end_rotate&quot;:&quot;30&quot;,&quot;initial_blur&quot;:&quot;0&quot;,&quot;end_blur&quot;:&quot;3&quot;,&quot;start_element&quot;:&quot;top&quot;,&quot;start_viewport&quot;:&quot;bottom&quot;,&quot;end_element&quot;:&quot;bottom&quot;,&quot;end_viewport&quot;:&quot;top&quot;,&quot;mouse_effect&quot;:&quot;track&quot;,&quot;mouse_effect_direction&quot;:&quot;opposite&quot;,&quot;mouse_effect_speed&quot;:&quot;2&quot;,&quot;infinite_animation&quot;:&quot;float&quot;,&quot;infinite_animation_speed&quot;:&quot;2&quot;}]\" data-scroll-devices=\"small-visibility,medium-visibility,large-visibility\"><div class=\"fusion-column-wrapper fusion-column-has-shadow fusion-flex-justify-content-flex-start fusion-content-layout-column\"><div class=\"fusion-title title fusion-title-1 fusion-sep-none fusion-title-text fusion-title-size-four\" style=\"--awb-text-color:var(--awb-custom_color_1);\"><h4 class=\"fusion-title-heading title-heading-left\" style=\"margin:0;letter-spacing:0px;line-height:0px;\">El nostre comprom\u00eds<\/h4><\/div><div class=\"fusion-title title fusion-title-2 fusion-sep-none fusion-title-text fusion-title-size-six\" style=\"--awb-text-color:var(--awb-custom_color_2);\"><h6 class=\"fusion-title-heading title-heading-left\" style=\"font-family:&quot;Inter&quot;;font-style:normal;font-weight:700;margin:0;letter-spacing:0px;line-height:0px;\"><h4>QUALITAT DE SERVEI PER A TREBALLADORS I EMPRESES<\/h4><\/h6><\/div><div class=\"fusion-text fusion-text-1\"><ol>\n<li><strong>Passi\u00f3 pel capital hum\u00e0.<\/strong>\n<ul>\n<li>Busquem l&#8217;ocupaci\u00f3 que millor s&#8217;ajusta al perfil dels nostres treballadors temporals i garantim tots els seus drets.<\/li>\n<li>Els nostres treballadors reben un tracte personalitzat i la formaci\u00f3 necess\u00e0ria per al seu desenvolupament i diversificaci\u00f3 com a professionals.<\/li>\n<\/ul>\n<\/li>\n<li><strong>Assegurem la seva legalitat.<\/strong>\n<ul>\n<li>Comptem amb un qualificat equip de juristes amb experi\u00e8ncia en el sector, que li garanteixen una absoluta seguretat jur\u00eddica en la seva relaci\u00f3 amb nosaltres.<\/li>\n<\/ul>\n<\/li>\n<li><strong>Rapidesa i efici\u00e8ncia en el servei.<\/strong>\n<ul>\n<li>Sabem que les seves necessitats de treball temporal no poden esperar.<\/li>\n<li>En BARNA LABOR li garantim personal especialitzat en un temps m\u00ednim.<\/li>\n<\/ul>\n<\/li>\n<li><strong>Relaci\u00f3 de confian\u00e7a.<\/strong>\n<ul>\n<li>Li cedim els treballadors que necessiti durant el temps que el requereixi sense que entrin a formar part de la seva plantilla.<\/li>\n<li>BARNA LABOR es converteix en el seu soci en la gesti\u00f3 dels recursos humans.<\/li>\n<\/ul>\n<\/li>\n<li><strong>Visi\u00f3 de futur<\/strong>\n<ul>\n<li>Creem una relaci\u00f3 a llarg termini m\u00e9s enll\u00e0 del contracte eventual, la qual cosa facilita la inserci\u00f3 dels nostres empleats en el mercat laboral.<\/li>\n<li>M\u00e9s del 30% dels nostres col\u00b7laboradors passen a integrar-se en la plantilla de les empreses clients.<\/li>\n<\/ul>\n<\/li>\n<\/ol>\n<\/div><\/div><\/div><\/div><\/div>\n","protected":false},"excerpt":{"rendered":"","protected":false},"author":1,"featured_media":0,"parent":0,"menu_order":0,"comment_status":"closed","ping_status":"closed","template":"","meta":{"footnotes":""},"class_list":["post-258","page","type-page","status-publish","hentry"],"yoast_head":"<!-- This site is optimized with the Yoast SEO plugin v27.5 - https:\/\/yoast.com\/product\/yoast-seo-wordpress\/ -->\n<title>El nostre comprom\u00eds - Barna Labor SL<\/title>\n<meta name=\"description\" content=\"BARNA LABOR: Qualitat en ocupaci\u00f3 temporal amb rapidesa i confian\u00e7a. Garantim drets i legalitat, sent el seu soci en recursos humans.\" \/>\n<meta name=\"robots\" content=\"index, follow, max-snippet:-1, max-image-preview:large, max-video-preview:-1\" \/>\n<link rel=\"canonical\" href=\"https:\/\/barnalabor.es\/ca\/el-nostre-compromis\/\" \/>\n<meta property=\"og:locale\" content=\"ca_ES\" \/>\n<meta property=\"og:type\" content=\"article\" \/>\n<meta property=\"og:title\" content=\"El nostre comprom\u00eds - Barna Labor SL\" \/>\n<meta property=\"og:description\" content=\"BARNA LABOR: Qualitat en ocupaci\u00f3 temporal amb rapidesa i confian\u00e7a. Garantim drets i legalitat, sent el seu soci en recursos humans.\" \/>\n<meta property=\"og:url\" content=\"https:\/\/barnalabor.es\/ca\/el-nostre-compromis\/\" \/>\n<meta property=\"og:site_name\" content=\"Barna Labor SL\" \/>\n<meta property=\"article:modified_time\" content=\"2024-01-26T10:59:13+00:00\" \/>\n<meta name=\"twitter:card\" content=\"summary_large_image\" \/>\n<meta name=\"twitter:label1\" content=\"Temps estimat de lectura\" \/>\n\t<meta name=\"twitter:data1\" content=\"12 minuts\" \/>\n<script type=\"application\/ld+json\" class=\"yoast-schema-graph\">{\"@context\":\"https:\\\/\\\/schema.org\",\"@graph\":[{\"@type\":\"WebPage\",\"@id\":\"https:\\\/\\\/barnalabor.es\\\/ca\\\/el-nostre-compromis\\\/\",\"url\":\"https:\\\/\\\/barnalabor.es\\\/ca\\\/el-nostre-compromis\\\/\",\"name\":\"El nostre comprom\u00eds - Barna Labor SL\",\"isPartOf\":{\"@id\":\"https:\\\/\\\/barnalabor.es\\\/#website\"},\"datePublished\":\"2024-01-25T11:11:53+00:00\",\"dateModified\":\"2024-01-26T10:59:13+00:00\",\"description\":\"BARNA LABOR: Qualitat en ocupaci\u00f3 temporal amb rapidesa i confian\u00e7a. Garantim drets i legalitat, sent el seu soci en recursos humans.\",\"breadcrumb\":{\"@id\":\"https:\\\/\\\/barnalabor.es\\\/ca\\\/el-nostre-compromis\\\/#breadcrumb\"},\"inLanguage\":\"ca\",\"potentialAction\":[{\"@type\":\"ReadAction\",\"target\":[\"https:\\\/\\\/barnalabor.es\\\/ca\\\/el-nostre-compromis\\\/\"]}]},{\"@type\":\"BreadcrumbList\",\"@id\":\"https:\\\/\\\/barnalabor.es\\\/ca\\\/el-nostre-compromis\\\/#breadcrumb\",\"itemListElement\":[{\"@type\":\"ListItem\",\"position\":1,\"name\":\"Portada\",\"item\":\"https:\\\/\\\/barnalabor.es\\\/ca\\\/\"},{\"@type\":\"ListItem\",\"position\":2,\"name\":\"El nostre comprom\u00eds\"}]},{\"@type\":\"WebSite\",\"@id\":\"https:\\\/\\\/barnalabor.es\\\/#website\",\"url\":\"https:\\\/\\\/barnalabor.es\\\/\",\"name\":\"Barna Labor SL\",\"description\":\"Just another WordPress site\",\"potentialAction\":[{\"@type\":\"SearchAction\",\"target\":{\"@type\":\"EntryPoint\",\"urlTemplate\":\"https:\\\/\\\/barnalabor.es\\\/?s={search_term_string}\"},\"query-input\":{\"@type\":\"PropertyValueSpecification\",\"valueRequired\":true,\"valueName\":\"search_term_string\"}}],\"inLanguage\":\"ca\"}]}<\/script>\n<!-- \/ Yoast SEO plugin. -->","yoast_head_json":{"title":"El nostre comprom\u00eds - Barna Labor SL","description":"BARNA LABOR: Qualitat en ocupaci\u00f3 temporal amb rapidesa i confian\u00e7a. Garantim drets i legalitat, sent el seu soci en recursos humans.","robots":{"index":"index","follow":"follow","max-snippet":"max-snippet:-1","max-image-preview":"max-image-preview:large","max-video-preview":"max-video-preview:-1"},"canonical":"https:\/\/barnalabor.es\/ca\/el-nostre-compromis\/","og_locale":"ca_ES","og_type":"article","og_title":"El nostre comprom\u00eds - Barna Labor SL","og_description":"BARNA LABOR: Qualitat en ocupaci\u00f3 temporal amb rapidesa i confian\u00e7a. Garantim drets i legalitat, sent el seu soci en recursos humans.","og_url":"https:\/\/barnalabor.es\/ca\/el-nostre-compromis\/","og_site_name":"Barna Labor SL","article_modified_time":"2024-01-26T10:59:13+00:00","twitter_card":"summary_large_image","twitter_misc":{"Temps estimat de lectura":"12 minuts"},"schema":{"@context":"https:\/\/schema.org","@graph":[{"@type":"WebPage","@id":"https:\/\/barnalabor.es\/ca\/el-nostre-compromis\/","url":"https:\/\/barnalabor.es\/ca\/el-nostre-compromis\/","name":"El nostre comprom\u00eds - Barna Labor SL","isPartOf":{"@id":"https:\/\/barnalabor.es\/#website"},"datePublished":"2024-01-25T11:11:53+00:00","dateModified":"2024-01-26T10:59:13+00:00","description":"BARNA LABOR: Qualitat en ocupaci\u00f3 temporal amb rapidesa i confian\u00e7a. Garantim drets i legalitat, sent el seu soci en recursos humans.","breadcrumb":{"@id":"https:\/\/barnalabor.es\/ca\/el-nostre-compromis\/#breadcrumb"},"inLanguage":"ca","potentialAction":[{"@type":"ReadAction","target":["https:\/\/barnalabor.es\/ca\/el-nostre-compromis\/"]}]},{"@type":"BreadcrumbList","@id":"https:\/\/barnalabor.es\/ca\/el-nostre-compromis\/#breadcrumb","itemListElement":[{"@type":"ListItem","position":1,"name":"Portada","item":"https:\/\/barnalabor.es\/ca\/"},{"@type":"ListItem","position":2,"name":"El nostre comprom\u00eds"}]},{"@type":"WebSite","@id":"https:\/\/barnalabor.es\/#website","url":"https:\/\/barnalabor.es\/","name":"Barna Labor SL","description":"Just another WordPress site","potentialAction":[{"@type":"SearchAction","target":{"@type":"EntryPoint","urlTemplate":"https:\/\/barnalabor.es\/?s={search_term_string}"},"query-input":{"@type":"PropertyValueSpecification","valueRequired":true,"valueName":"search_term_string"}}],"inLanguage":"ca"}]}},"_links":{"self":[{"href":"https:\/\/barnalabor.es\/ca\/wp-json\/wp\/v2\/pages\/258","targetHints":{"allow":["GET"]}}],"collection":[{"href":"https:\/\/barnalabor.es\/ca\/wp-json\/wp\/v2\/pages"}],"about":[{"href":"https:\/\/barnalabor.es\/ca\/wp-json\/wp\/v2\/types\/page"}],"author":[{"embeddable":true,"href":"https:\/\/barnalabor.es\/ca\/wp-json\/wp\/v2\/users\/1"}],"replies":[{"embeddable":true,"href":"https:\/\/barnalabor.es\/ca\/wp-json\/wp\/v2\/comments?post=258"}],"version-history":[{"count":2,"href":"https:\/\/barnalabor.es\/ca\/wp-json\/wp\/v2\/pages\/258\/revisions"}],"predecessor-version":[{"id":260,"href":"https:\/\/barnalabor.es\/ca\/wp-json\/wp\/v2\/pages\/258\/revisions\/260"}],"wp:attachment":[{"href":"https:\/\/barnalabor.es\/ca\/wp-json\/wp\/v2\/media?parent=258"}],"curies":[{"name":"wp","href":"https:\/\/api.w.org\/{rel}","templated":true}]}}