{"id":252,"date":"2024-01-25T09:34:05","date_gmt":"2024-01-25T09:34:05","guid":{"rendered":"https:\/\/barnalabor.nbgroup.es\/home\/"},"modified":"2025-05-29T10:38:32","modified_gmt":"2025-05-29T10:38:32","slug":"home","status":"publish","type":"page","link":"https:\/\/barnalabor.es\/ca\/","title":{"rendered":"Home"},"content":{"rendered":"<p><div class=\"fusion-fullwidth fullwidth-box fusion-builder-row-1 fusion-flex-container has-pattern-background has-mask-background nonhundred-percent-fullwidth non-hundred-percent-height-scrolling fusion-custom-z-index\" style=\"--awb-border-radius-top-left:0px;--awb-border-radius-top-right:0px;--awb-border-radius-bottom-right:0px;--awb-border-radius-bottom-left:0px;--awb-z-index:1;--awb-flex-wrap:wrap;\" ><div class=\"fusion-builder-row fusion-row fusion-flex-align-items-flex-start fusion-flex-content-wrap\" style=\"max-width:1248px;margin-left: calc(-4% \/ 2 );margin-right: calc(-4% \/ 2 );\"><div class=\"fusion-layout-column fusion_builder_column fusion-builder-column-0 fusion-flex-column\" style=\"--awb-bg-size:cover;--awb-width-large:30%;--awb-margin-top-large:0px;--awb-spacing-right-large:0%;--awb-margin-bottom-large:20px;--awb-spacing-left-large:6.4%;--awb-width-medium:30%;--awb-order-medium:0;--awb-spacing-right-medium:0%;--awb-spacing-left-medium:6.4%;--awb-width-small:100%;--awb-order-small:0;--awb-spacing-right-small:1.92%;--awb-spacing-left-small:1.92%;\" data-motion-effects=\"[{&quot;type&quot;:&quot;&quot;,&quot;scroll_type&quot;:&quot;transition&quot;,&quot;scroll_direction&quot;:&quot;up&quot;,&quot;transition_speed&quot;:&quot;1&quot;,&quot;fade_type&quot;:&quot;in&quot;,&quot;scale_type&quot;:&quot;up&quot;,&quot;initial_scale&quot;:&quot;1&quot;,&quot;max_scale&quot;:&quot;1.5&quot;,&quot;min_scale&quot;:&quot;0.5&quot;,&quot;initial_rotate&quot;:&quot;0&quot;,&quot;end_rotate&quot;:&quot;30&quot;,&quot;initial_blur&quot;:&quot;0&quot;,&quot;end_blur&quot;:&quot;3&quot;,&quot;start_element&quot;:&quot;top&quot;,&quot;start_viewport&quot;:&quot;bottom&quot;,&quot;end_element&quot;:&quot;bottom&quot;,&quot;end_viewport&quot;:&quot;top&quot;,&quot;mouse_effect&quot;:&quot;track&quot;,&quot;mouse_effect_direction&quot;:&quot;opposite&quot;,&quot;mouse_effect_speed&quot;:&quot;2&quot;,&quot;infinite_animation&quot;:&quot;float&quot;,&quot;infinite_animation_speed&quot;:&quot;2&quot;}]\" data-scroll-devices=\"small-visibility,medium-visibility,large-visibility\"><div class=\"fusion-column-wrapper fusion-column-has-shadow fusion-flex-justify-content-flex-start fusion-content-layout-column\"><div class=\"fusion-image-element \" style=\"--awb-caption-title-font-family:var(--h2_typography-font-family);--awb-caption-title-font-weight:var(--h2_typography-font-weight);--awb-caption-title-font-style:var(--h2_typography-font-style);--awb-caption-title-size:var(--h2_typography-font-size);--awb-caption-title-transform:var(--h2_typography-text-transform);--awb-caption-title-line-height:var(--h2_typography-line-height);--awb-caption-title-letter-spacing:var(--h2_typography-letter-spacing);\"><span class=\" fusion-imageframe imageframe-none imageframe-1 hover-type-none\"><img decoding=\"async\" width=\"322\" height=\"421\" title=\"fonsHome\" src=\"https:\/\/barnalabor.es\/wp-content\/uploads\/2024\/01\/fonsHome.jpg\" alt class=\"img-responsive wp-image-248\" srcset=\"https:\/\/barnalabor.es\/wp-content\/uploads\/2024\/01\/fonsHome-200x261.jpg 200w, https:\/\/barnalabor.es\/wp-content\/uploads\/2024\/01\/fonsHome.jpg 322w\" sizes=\"(max-width: 640px) 100vw, 322px\" \/><\/span><\/div><\/div><\/div><div class=\"fusion-layout-column fusion_builder_column fusion-builder-column-1 fusion-flex-column\" style=\"--awb-bg-size:cover;--awb-width-large:70%;--awb-margin-top-large:0px;--awb-spacing-right-large:2.7428571428571%;--awb-margin-bottom-large:20px;--awb-spacing-left-large:0%;--awb-width-medium:70%;--awb-order-medium:0;--awb-spacing-right-medium:2.7428571428571%;--awb-spacing-left-medium:0%;--awb-width-small:100%;--awb-order-small:0;--awb-spacing-right-small:1.92%;--awb-spacing-left-small:1.92%;\" data-motion-effects=\"[{&quot;type&quot;:&quot;&quot;,&quot;scroll_type&quot;:&quot;transition&quot;,&quot;scroll_direction&quot;:&quot;up&quot;,&quot;transition_speed&quot;:&quot;1&quot;,&quot;fade_type&quot;:&quot;in&quot;,&quot;scale_type&quot;:&quot;up&quot;,&quot;initial_scale&quot;:&quot;1&quot;,&quot;max_scale&quot;:&quot;1.5&quot;,&quot;min_scale&quot;:&quot;0.5&quot;,&quot;initial_rotate&quot;:&quot;0&quot;,&quot;end_rotate&quot;:&quot;30&quot;,&quot;initial_blur&quot;:&quot;0&quot;,&quot;end_blur&quot;:&quot;3&quot;,&quot;start_element&quot;:&quot;top&quot;,&quot;start_viewport&quot;:&quot;bottom&quot;,&quot;end_element&quot;:&quot;bottom&quot;,&quot;end_viewport&quot;:&quot;top&quot;,&quot;mouse_effect&quot;:&quot;track&quot;,&quot;mouse_effect_direction&quot;:&quot;opposite&quot;,&quot;mouse_effect_speed&quot;:&quot;2&quot;,&quot;infinite_animation&quot;:&quot;float&quot;,&quot;infinite_animation_speed&quot;:&quot;2&quot;}]\" data-scroll-devices=\"small-visibility,medium-visibility,large-visibility\"><div class=\"fusion-column-wrapper fusion-column-has-shadow fusion-flex-justify-content-flex-start fusion-content-layout-column\"><div class=\"fusion-title title fusion-title-1 fusion-sep-none fusion-title-text fusion-title-size-four\" style=\"--awb-text-color:#ff6600;\"><h4 class=\"fusion-title-heading title-heading-left\" style=\"margin:0;\"><h3>BARNALABOR<\/h3><\/h4><\/div><div class=\"fusion-title title fusion-title-2 fusion-sep-none fusion-title-text fusion-title-size-six\" style=\"--awb-text-color:#429ad9;--awb-margin-top:-50px;\"><h6 class=\"fusion-title-heading title-heading-left\" style=\"margin:0;\"><h4>TREBALLAR AL BAIX LLOBREGAT.<br \/>\nCOMPETIR AL M\u00d3N<\/h4><\/h6><\/div><div class=\"fusion-text fusion-text-1 fusion-text-no-margin\" style=\"--awb-font-size:18px;--awb-margin-top:-10px;--awb-margin-bottom:0px;\"><p>Creada en 1996 per un grup d&#8217;emprenedors catalans amb experi\u00e8ncia en el sector dels recursos humans, BARNALABOR \u00e9s una empresa l\u00edder en els serveis d&#8217;ocupaci\u00f3 temporal a la prov\u00edncia de Barcelona.<\/p>\n<p>BARNALABOR ofereix un servei integral de cerca, selecci\u00f3 i contractaci\u00f3 de treballadors en tots els sectors industrials i de serveis.<br \/>\nLa nostra missi\u00f3 \u00e9s contribuir a dinamitzar l&#8217;economia d&#8217;aquesta regi\u00f3 flexibilitzant el seu mercat laboral i millorant la capacitat de les seves empreses per a competir en un m\u00f3n global.<\/p>\n<p>Per a aix\u00f2 comptem amb un equip jove i din\u00e0mic de professionals, i una base de m\u00e9s de 1.000 contactes a les comarques del Baix Llobregat, l\u00b4Anoia i el Barcelon\u00ed.<\/p>\n<\/div><\/div><\/div><\/div><\/div><div class=\"fusion-fullwidth fullwidth-box fusion-builder-row-2 fusion-flex-container has-pattern-background has-mask-background nonhundred-percent-fullwidth non-hundred-percent-height-scrolling\" style=\"--awb-border-radius-top-left:0px;--awb-border-radius-top-right:0px;--awb-border-radius-bottom-right:0px;--awb-border-radius-bottom-left:0px;--awb-flex-wrap:wrap;\" ><div class=\"fusion-builder-row fusion-row fusion-flex-align-items-flex-start fusion-flex-content-wrap\" style=\"max-width:1248px;margin-left: calc(-4% \/ 2 );margin-right: calc(-4% \/ 2 );\"><div class=\"fusion-layout-column fusion_builder_column fusion-builder-column-2 fusion_builder_column_1_3 1_3 fusion-flex-column fusion-flex-align-self-stretch\" style=\"--awb-padding-right:20px;--awb-padding-bottom:20px;--awb-padding-left:20px;--awb-overflow:hidden;--awb-bg-color:#f9f9fb;--awb-bg-color-hover:#f9f9fb;--awb-bg-size:cover;--awb-border-color:var(--awb-custom_color_4);--awb-border-top:1px;--awb-border-right:1px;--awb-border-bottom:1px;--awb-border-left:1px;--awb-border-style:solid;--awb-border-radius:5px 5px 5px 5px;--awb-width-large:33.333333333333%;--awb-margin-top-large:0px;--awb-spacing-right-large:5.76%;--awb-margin-bottom-large:20px;--awb-spacing-left-large:5.76%;--awb-width-medium:33.333333333333%;--awb-order-medium:0;--awb-spacing-right-medium:5.76%;--awb-spacing-left-medium:5.76%;--awb-width-small:100%;--awb-order-small:0;--awb-spacing-right-small:1.92%;--awb-spacing-left-small:1.92%;\" data-motion-effects=\"[{&quot;type&quot;:&quot;&quot;,&quot;scroll_type&quot;:&quot;transition&quot;,&quot;scroll_direction&quot;:&quot;up&quot;,&quot;transition_speed&quot;:&quot;1&quot;,&quot;fade_type&quot;:&quot;in&quot;,&quot;scale_type&quot;:&quot;up&quot;,&quot;initial_scale&quot;:&quot;1&quot;,&quot;max_scale&quot;:&quot;1.5&quot;,&quot;min_scale&quot;:&quot;0.5&quot;,&quot;initial_rotate&quot;:&quot;0&quot;,&quot;end_rotate&quot;:&quot;30&quot;,&quot;initial_blur&quot;:&quot;0&quot;,&quot;end_blur&quot;:&quot;3&quot;,&quot;start_element&quot;:&quot;top&quot;,&quot;start_viewport&quot;:&quot;bottom&quot;,&quot;end_element&quot;:&quot;bottom&quot;,&quot;end_viewport&quot;:&quot;top&quot;,&quot;mouse_effect&quot;:&quot;track&quot;,&quot;mouse_effect_direction&quot;:&quot;opposite&quot;,&quot;mouse_effect_speed&quot;:&quot;2&quot;,&quot;infinite_animation&quot;:&quot;float&quot;,&quot;infinite_animation_speed&quot;:&quot;2&quot;}]\" data-scroll-devices=\"small-visibility,medium-visibility,large-visibility\"><div class=\"fusion-column-wrapper fusion-column-has-shadow fusion-flex-justify-content-space-evenly fusion-content-layout-column\"><div class=\"fusion-title title fusion-title-3 fusion-sep-none fusion-title-text fusion-title-size-four\" style=\"--awb-text-color:#ff6600;\"><h4 class=\"fusion-title-heading title-heading-left\" style=\"margin:0;\"><h3>Registra el teu curr\u00edculum<\/h3><\/h4><\/div><div class=\"fusion-text fusion-text-2\" style=\"--awb-margin-top:-20px;\"><p>Fes-nos arribar el teu curr\u00edculum i completa la teva fitxa d&#8217;alta com a candidat en BarnaLabor, els nostres especialistes en selecci\u00f3 s&#8217;encarregaran de trobar les ofertes que m\u00e9s s&#8217;ajustin al teu perfil professional.<\/p>\n<\/div><div ><a class=\"fusion-button button-flat fusion-button-default-size button-custom fusion-button-default button-1 fusion-button-default-span fusion-button-default-type fusion-has-button-gradient\" style=\"--button_accent_color:#000000;--button_border_color:#8e8e8e;--button_accent_hover_color:#000000;--button_border_hover_color:#000000;--button_border_width-top:1px;--button_border_width-right:1px;--button_border_width-bottom:1px;--button_border_width-left:1px;--button-border-radius-top-left:5px;--button-border-radius-top-right:5px;--button-border-radius-bottom-right:5px;--button-border-radius-bottom-left:5px;--button_gradient_top_color:rgba(255,255,255,0);--button_gradient_bottom_color:rgba(140,140,140,0);--button_gradient_top_color_hover:var(--awb-custom_color_4);--button_gradient_bottom_color_hover:var(--awb-custom_color_4);--button_font_size:16px;--button_padding-top:10px;--button_padding-right:10px;--button_padding-bottom:10px;--button_padding-left:10px;\" target=\"_self\" href=\"https:\/\/portal.barnalabor.es\/Trabajadores\/Candi\/CandiUsu.aspx\"><span class=\"fusion-button-text\">Registra el teu curr\u00edculum \u00bb<\/span><\/a><\/div><\/div><\/div><div class=\"fusion-layout-column fusion_builder_column fusion-builder-column-3 fusion_builder_column_1_3 1_3 fusion-flex-column fusion-flex-align-self-stretch\" style=\"--awb-padding-right:20px;--awb-padding-bottom:20px;--awb-padding-left:20px;--awb-overflow:hidden;--awb-bg-color:#f9f9fb;--awb-bg-color-hover:#f9f9fb;--awb-bg-size:cover;--awb-border-color:var(--awb-custom_color_4);--awb-border-top:1px;--awb-border-right:1px;--awb-border-bottom:1px;--awb-border-left:1px;--awb-border-style:solid;--awb-border-radius:5px 5px 5px 5px;--awb-width-large:33.333333333333%;--awb-margin-top-large:0px;--awb-spacing-right-large:5.76%;--awb-margin-bottom-large:20px;--awb-spacing-left-large:5.76%;--awb-width-medium:33.333333333333%;--awb-order-medium:0;--awb-spacing-right-medium:5.76%;--awb-spacing-left-medium:5.76%;--awb-width-small:100%;--awb-order-small:0;--awb-spacing-right-small:1.92%;--awb-spacing-left-small:1.92%;\" data-motion-effects=\"[{&quot;type&quot;:&quot;&quot;,&quot;scroll_type&quot;:&quot;transition&quot;,&quot;scroll_direction&quot;:&quot;up&quot;,&quot;transition_speed&quot;:&quot;1&quot;,&quot;fade_type&quot;:&quot;in&quot;,&quot;scale_type&quot;:&quot;up&quot;,&quot;initial_scale&quot;:&quot;1&quot;,&quot;max_scale&quot;:&quot;1.5&quot;,&quot;min_scale&quot;:&quot;0.5&quot;,&quot;initial_rotate&quot;:&quot;0&quot;,&quot;end_rotate&quot;:&quot;30&quot;,&quot;initial_blur&quot;:&quot;0&quot;,&quot;end_blur&quot;:&quot;3&quot;,&quot;start_element&quot;:&quot;top&quot;,&quot;start_viewport&quot;:&quot;bottom&quot;,&quot;end_element&quot;:&quot;bottom&quot;,&quot;end_viewport&quot;:&quot;top&quot;,&quot;mouse_effect&quot;:&quot;track&quot;,&quot;mouse_effect_direction&quot;:&quot;opposite&quot;,&quot;mouse_effect_speed&quot;:&quot;2&quot;,&quot;infinite_animation&quot;:&quot;float&quot;,&quot;infinite_animation_speed&quot;:&quot;2&quot;}]\" data-scroll-devices=\"small-visibility,medium-visibility,large-visibility\"><div class=\"fusion-column-wrapper fusion-column-has-shadow fusion-flex-justify-content-flex-start fusion-content-layout-column\"><div class=\"fusion-title title fusion-title-4 fusion-sep-none fusion-title-text fusion-title-size-four\" style=\"--awb-text-color:#ff6600;\"><h4 class=\"fusion-title-heading title-heading-left\" style=\"margin:0;\"><h3>Ofertes de treball<\/h3><\/h4><\/div><div class=\"fusion-text fusion-text-3\" style=\"--awb-margin-top:-20px;\"><p>Et vam mostrar totes les ofertes de Treball disponibles.<br \/>\nRegistra&#8217;t com a candidat i podr\u00e0s subscriure&#8217;t a les quals creguis que s&#8217;ajusten m\u00e9s al teu perfil.<\/p>\n<\/div><div ><a class=\"fusion-button button-flat fusion-button-default-size button-custom fusion-button-default button-2 fusion-button-default-span fusion-button-default-type fusion-has-button-gradient\" style=\"--button_accent_color:#000000;--button_border_color:#8e8e8e;--button_accent_hover_color:#000000;--button_border_hover_color:#000000;--button_border_width-top:1px;--button_border_width-right:1px;--button_border_width-bottom:1px;--button_border_width-left:1px;--button-border-radius-top-left:5px;--button-border-radius-top-right:5px;--button-border-radius-bottom-right:5px;--button-border-radius-bottom-left:5px;--button_gradient_top_color:rgba(255,255,255,0);--button_gradient_bottom_color:rgba(140,140,140,0);--button_gradient_top_color_hover:var(--awb-custom_color_4);--button_gradient_bottom_color_hover:var(--awb-custom_color_4);--button_font_size:16px;--button_padding-top:10px;--button_padding-right:10px;--button_padding-bottom:10px;--button_padding-left:10px;\" target=\"_self\" href=\"https:\/\/empleo.barnalabor.es\/#jobs\"><span class=\"fusion-button-text\">Ofertes \u00bb<\/span><\/a><\/div><\/div><\/div><div class=\"fusion-layout-column fusion_builder_column fusion-builder-column-4 fusion_builder_column_1_3 1_3 fusion-flex-column fusion-flex-align-self-stretch\" style=\"--awb-padding-right:20px;--awb-padding-bottom:20px;--awb-padding-left:20px;--awb-overflow:hidden;--awb-bg-color:#f9f9fb;--awb-bg-color-hover:#f9f9fb;--awb-bg-size:cover;--awb-border-color:var(--awb-custom_color_4);--awb-border-top:1px;--awb-border-right:1px;--awb-border-bottom:1px;--awb-border-left:1px;--awb-border-style:solid;--awb-border-radius:5px 5px 5px 5px;--awb-width-large:33.333333333333%;--awb-margin-top-large:0px;--awb-spacing-right-large:5.76%;--awb-margin-bottom-large:20px;--awb-spacing-left-large:5.76%;--awb-width-medium:33.333333333333%;--awb-order-medium:0;--awb-spacing-right-medium:5.76%;--awb-spacing-left-medium:5.76%;--awb-width-small:100%;--awb-order-small:0;--awb-spacing-right-small:1.92%;--awb-spacing-left-small:1.92%;\" data-motion-effects=\"[{&quot;type&quot;:&quot;&quot;,&quot;scroll_type&quot;:&quot;transition&quot;,&quot;scroll_direction&quot;:&quot;up&quot;,&quot;transition_speed&quot;:&quot;1&quot;,&quot;fade_type&quot;:&quot;in&quot;,&quot;scale_type&quot;:&quot;up&quot;,&quot;initial_scale&quot;:&quot;1&quot;,&quot;max_scale&quot;:&quot;1.5&quot;,&quot;min_scale&quot;:&quot;0.5&quot;,&quot;initial_rotate&quot;:&quot;0&quot;,&quot;end_rotate&quot;:&quot;30&quot;,&quot;initial_blur&quot;:&quot;0&quot;,&quot;end_blur&quot;:&quot;3&quot;,&quot;start_element&quot;:&quot;top&quot;,&quot;start_viewport&quot;:&quot;bottom&quot;,&quot;end_element&quot;:&quot;bottom&quot;,&quot;end_viewport&quot;:&quot;top&quot;,&quot;mouse_effect&quot;:&quot;track&quot;,&quot;mouse_effect_direction&quot;:&quot;opposite&quot;,&quot;mouse_effect_speed&quot;:&quot;2&quot;,&quot;infinite_animation&quot;:&quot;float&quot;,&quot;infinite_animation_speed&quot;:&quot;2&quot;}]\" data-scroll-devices=\"small-visibility,medium-visibility,large-visibility\"><div class=\"fusion-column-wrapper fusion-column-has-shadow fusion-flex-justify-content-flex-start fusion-content-layout-column\"><div class=\"fusion-title title fusion-title-5 fusion-sep-none fusion-title-text fusion-title-size-four\" style=\"--awb-text-color:#ff6600;\"><h4 class=\"fusion-title-heading title-heading-left\" style=\"margin:0;\"><h3>Contacta (\u00c0rea Empresa)<\/h3><\/h4><\/div><div class=\"fusion-text fusion-text-4\" style=\"--awb-margin-top:-20px;\"><p>Si ets una empresa contacta amb nosaltres, BarnaLabor treballa de manera espec\u00edfica per a cobrir les necessitats de cada client localitzant al candidat m\u00e9s adequat per a cada lloc de treball.<\/p>\n<\/div><div ><a class=\"fusion-button button-flat fusion-button-default-size button-custom fusion-button-default button-3 fusion-button-default-span fusion-button-default-type fusion-has-button-gradient\" style=\"--button_accent_color:#000000;--button_border_color:#8e8e8e;--button_accent_hover_color:#000000;--button_border_hover_color:#000000;--button_border_width-top:1px;--button_border_width-right:1px;--button_border_width-bottom:1px;--button_border_width-left:1px;--button-border-radius-top-left:5px;--button-border-radius-top-right:5px;--button-border-radius-bottom-right:5px;--button-border-radius-bottom-left:5px;--button_gradient_top_color:rgba(231,231,231,0);--button_gradient_bottom_color:rgba(140,140,140,0);--button_gradient_top_color_hover:var(--awb-custom_color_4);--button_gradient_bottom_color_hover:var(--awb-custom_color_4);--button_font_size:16px;--button_padding-top:10px;--button_padding-right:10px;--button_padding-bottom:10px;--button_padding-left:10px;\" target=\"_self\" href=\"https:\/\/barnalabor.es\/ca\/contacta\/\"><span class=\"fusion-button-text\">Contacta \u00bb<\/span><\/a><\/div><\/div><\/div><\/div><\/div><\/p>\n","protected":false},"excerpt":{"rendered":"","protected":false},"author":1,"featured_media":0,"parent":0,"menu_order":0,"comment_status":"closed","ping_status":"closed","template":"","meta":{"footnotes":""},"class_list":["post-252","page","type-page","status-publish","hentry"],"yoast_head":"<!-- This site is optimized with the Yoast SEO plugin v27.4 - https:\/\/yoast.com\/product\/yoast-seo-wordpress\/ -->\n<title>Home - Barna Labor SL<\/title>\n<meta name=\"description\" content=\"Som l\u00edders en ocupaci\u00f3 temporal a Barcelona. Descobreix oportunitats laborals al Baix Llobregat i Troba el teu pr\u00f2xim treball.\" \/>\n<meta name=\"robots\" content=\"index, follow, max-snippet:-1, max-image-preview:large, max-video-preview:-1\" \/>\n<link rel=\"canonical\" href=\"https:\/\/barnalabor.es\/ca\/\" \/>\n<meta property=\"og:locale\" content=\"ca_ES\" \/>\n<meta property=\"og:type\" content=\"article\" \/>\n<meta property=\"og:title\" content=\"Home - Barna Labor SL\" \/>\n<meta property=\"og:description\" content=\"Som l\u00edders en ocupaci\u00f3 temporal a Barcelona. Descobreix oportunitats laborals al Baix Llobregat i Troba el teu pr\u00f2xim treball.\" \/>\n<meta property=\"og:url\" content=\"https:\/\/barnalabor.es\/ca\/\" \/>\n<meta property=\"og:site_name\" content=\"Barna Labor SL\" \/>\n<meta property=\"article:modified_time\" content=\"2025-05-29T10:38:32+00:00\" \/>\n<meta name=\"twitter:card\" content=\"summary_large_image\" \/>\n<meta name=\"twitter:label1\" content=\"Temps estimat de lectura\" \/>\n\t<meta name=\"twitter:data1\" content=\"2 minuts\" \/>\n<script type=\"application\/ld+json\" class=\"yoast-schema-graph\">{\"@context\":\"https:\\\/\\\/schema.org\",\"@graph\":[{\"@type\":\"WebPage\",\"@id\":\"https:\\\/\\\/barnalabor.es\\\/ca\\\/\",\"url\":\"https:\\\/\\\/barnalabor.es\\\/ca\\\/\",\"name\":\"Home - Barna Labor SL\",\"isPartOf\":{\"@id\":\"https:\\\/\\\/barnalabor.es\\\/#website\"},\"datePublished\":\"2024-01-25T09:34:05+00:00\",\"dateModified\":\"2025-05-29T10:38:32+00:00\",\"description\":\"Som l\u00edders en ocupaci\u00f3 temporal a Barcelona. Descobreix oportunitats laborals al Baix Llobregat i Troba el teu pr\u00f2xim treball.\",\"breadcrumb\":{\"@id\":\"https:\\\/\\\/barnalabor.es\\\/ca\\\/#breadcrumb\"},\"inLanguage\":\"ca\",\"potentialAction\":[{\"@type\":\"ReadAction\",\"target\":[\"https:\\\/\\\/barnalabor.es\\\/ca\\\/\"]}]},{\"@type\":\"BreadcrumbList\",\"@id\":\"https:\\\/\\\/barnalabor.es\\\/ca\\\/#breadcrumb\",\"itemListElement\":[{\"@type\":\"ListItem\",\"position\":1,\"name\":\"Portada\",\"item\":\"https:\\\/\\\/barnalabor.es\\\/ca\\\/\"},{\"@type\":\"ListItem\",\"position\":2,\"name\":\"Home\"}]},{\"@type\":\"WebSite\",\"@id\":\"https:\\\/\\\/barnalabor.es\\\/#website\",\"url\":\"https:\\\/\\\/barnalabor.es\\\/\",\"name\":\"Barna Labor SL\",\"description\":\"Just another WordPress site\",\"potentialAction\":[{\"@type\":\"SearchAction\",\"target\":{\"@type\":\"EntryPoint\",\"urlTemplate\":\"https:\\\/\\\/barnalabor.es\\\/?s={search_term_string}\"},\"query-input\":{\"@type\":\"PropertyValueSpecification\",\"valueRequired\":true,\"valueName\":\"search_term_string\"}}],\"inLanguage\":\"ca\"}]}<\/script>\n<!-- \/ Yoast SEO plugin. -->","yoast_head_json":{"title":"Home - Barna Labor SL","description":"Som l\u00edders en ocupaci\u00f3 temporal a Barcelona. Descobreix oportunitats laborals al Baix Llobregat i Troba el teu pr\u00f2xim treball.","robots":{"index":"index","follow":"follow","max-snippet":"max-snippet:-1","max-image-preview":"max-image-preview:large","max-video-preview":"max-video-preview:-1"},"canonical":"https:\/\/barnalabor.es\/ca\/","og_locale":"ca_ES","og_type":"article","og_title":"Home - Barna Labor SL","og_description":"Som l\u00edders en ocupaci\u00f3 temporal a Barcelona. Descobreix oportunitats laborals al Baix Llobregat i Troba el teu pr\u00f2xim treball.","og_url":"https:\/\/barnalabor.es\/ca\/","og_site_name":"Barna Labor SL","article_modified_time":"2025-05-29T10:38:32+00:00","twitter_card":"summary_large_image","twitter_misc":{"Temps estimat de lectura":"2 minuts"},"schema":{"@context":"https:\/\/schema.org","@graph":[{"@type":"WebPage","@id":"https:\/\/barnalabor.es\/ca\/","url":"https:\/\/barnalabor.es\/ca\/","name":"Home - Barna Labor SL","isPartOf":{"@id":"https:\/\/barnalabor.es\/#website"},"datePublished":"2024-01-25T09:34:05+00:00","dateModified":"2025-05-29T10:38:32+00:00","description":"Som l\u00edders en ocupaci\u00f3 temporal a Barcelona. Descobreix oportunitats laborals al Baix Llobregat i Troba el teu pr\u00f2xim treball.","breadcrumb":{"@id":"https:\/\/barnalabor.es\/ca\/#breadcrumb"},"inLanguage":"ca","potentialAction":[{"@type":"ReadAction","target":["https:\/\/barnalabor.es\/ca\/"]}]},{"@type":"BreadcrumbList","@id":"https:\/\/barnalabor.es\/ca\/#breadcrumb","itemListElement":[{"@type":"ListItem","position":1,"name":"Portada","item":"https:\/\/barnalabor.es\/ca\/"},{"@type":"ListItem","position":2,"name":"Home"}]},{"@type":"WebSite","@id":"https:\/\/barnalabor.es\/#website","url":"https:\/\/barnalabor.es\/","name":"Barna Labor SL","description":"Just another WordPress site","potentialAction":[{"@type":"SearchAction","target":{"@type":"EntryPoint","urlTemplate":"https:\/\/barnalabor.es\/?s={search_term_string}"},"query-input":{"@type":"PropertyValueSpecification","valueRequired":true,"valueName":"search_term_string"}}],"inLanguage":"ca"}]}},"_links":{"self":[{"href":"https:\/\/barnalabor.es\/ca\/wp-json\/wp\/v2\/pages\/252","targetHints":{"allow":["GET"]}}],"collection":[{"href":"https:\/\/barnalabor.es\/ca\/wp-json\/wp\/v2\/pages"}],"about":[{"href":"https:\/\/barnalabor.es\/ca\/wp-json\/wp\/v2\/types\/page"}],"author":[{"embeddable":true,"href":"https:\/\/barnalabor.es\/ca\/wp-json\/wp\/v2\/users\/1"}],"replies":[{"embeddable":true,"href":"https:\/\/barnalabor.es\/ca\/wp-json\/wp\/v2\/comments?post=252"}],"version-history":[{"count":15,"href":"https:\/\/barnalabor.es\/ca\/wp-json\/wp\/v2\/pages\/252\/revisions"}],"predecessor-version":[{"id":367,"href":"https:\/\/barnalabor.es\/ca\/wp-json\/wp\/v2\/pages\/252\/revisions\/367"}],"wp:attachment":[{"href":"https:\/\/barnalabor.es\/ca\/wp-json\/wp\/v2\/media?parent=252"}],"curies":[{"name":"wp","href":"https:\/\/api.w.org\/{rel}","templated":true}]}}